{"id":1914,"date":"2020-02-05T09:05:36","date_gmt":"2020-02-05T09:05:36","guid":{"rendered":"http:\/\/wpdemo.archiwp.com\/engitech\/?page_id=1914"},"modified":"2023-08-29T09:12:25","modified_gmt":"2023-08-29T09:12:25","slug":"portfolios","status":"publish","type":"page","link":"https:\/\/ndt.pt\/construcoes\/portfolios\/","title":{"rendered":"Portf\u00f3lio"},"content":{"rendered":"\t\t<div data-elementor-type=\"wp-page\" data-elementor-id=\"1914\" class=\"elementor elementor-1914\">\n\t\t\t\t\t\t<section class=\"elementor-section elementor-top-section elementor-element elementor-element-d7ad6db ot-traditional elementor-section-boxed elementor-section-height-default elementor-section-height-default\" data-id=\"d7ad6db\" data-element_type=\"section\" data-e-type=\"section\">\n\t\t\t\t\t\t<div class=\"elementor-container elementor-column-gap-default\">\n\t\t\t\t\t<div class=\"elementor-column elementor-col-100 elementor-top-column elementor-element elementor-element-b46e7a4 ot-flex-column-vertical\" data-id=\"b46e7a4\" data-element_type=\"column\" data-e-type=\"column\">\n\t\t\t<div class=\"elementor-widget-wrap elementor-element-populated\">\n\t\t\t\t\t\t<div class=\"elementor-element elementor-element-2c0a0a9 elementor-widget elementor-widget-iheading\" data-id=\"2c0a0a9\" data-element_type=\"widget\" data-e-type=\"widget\" data-widget_type=\"iheading.default\">\n\t\t\t\t<div class=\"elementor-widget-container\">\n\t\t\t\t\t\t\t<div class=\"ot-heading\">\r\n\t        <h2 class=\"main-heading\">Familiarize-se com os nossos projetos<\/h2>\t    <\/div>\r\n\t    \t\t\t\t<\/div>\n\t\t\t\t<\/div>\n\t\t\t\t<div class=\"elementor-element elementor-element-f98ca6c elementor-widget elementor-widget-text-editor\" data-id=\"f98ca6c\" data-element_type=\"widget\" data-e-type=\"widget\" data-widget_type=\"text-editor.default\">\n\t\t\t\t<div class=\"elementor-widget-container\">\n\t\t\t\t\t\t\t\t\t<p><span style=\"color: #000000;\"><strong>\u201cThose who plan do better than those who do not plan, even though they rarely stick to their plan.\u201d<\/strong><\/span> \u2013 \u00a0<span class=\"c6\">Winston Churchill<\/span><\/p>\t\t\t\t\t\t\t\t<\/div>\n\t\t\t\t<\/div>\n\t\t\t\t<div class=\"elementor-element elementor-element-86bc0ca elementor-widget elementor-widget-ipfilter\" data-id=\"86bc0ca\" data-element_type=\"widget\" data-e-type=\"widget\" data-widget_type=\"ipfilter.default\">\n\t\t\t\t<div class=\"elementor-widget-container\">\n\t\t\t\t\t\r\n\t\t<div class=\"project-filter-wrapper\">\r\n\t                \t\t<ul class=\"project_filters\">\r\n        \t\t\t        \t\t\t \t<li><a href=\"#\" data-filter=\"*\" class=\"selected\">All<\/a><\/li>\r\n        \t\t\t\t                \t                    <li><a href='#' data-filter='.category-31'>Constru\u00e7\u00e3o civil<\/a><\/li>\t                    \r\n\t                \t                    <li><a href='#' data-filter='.category-30'>Constru\u00e7\u00e3o met\u00e1lica<\/a><\/li>\t                    \r\n\t                \t\t\t\t<\/ul>\r\n\t        \r\n\t        <div class=\"projects-grid projects-style-1\">\r\n\t        \t\r\n\t            \r\n\t            \t<div class=\"project-item category-31 \">\r\n\t\t\t\t\t\t<div class=\"projects-box\">\r\n\t\t\t\t\t\t\t<div class=\"projects-thumbnail\">\r\n\t\t\t\t\t\t\t\t<a href=\"https:\/\/ndt.pt\/construcoes\/portfolio\/casa-do-barco\/\">\r\n\t\t\t\t\t\t\t\t\t<img fetchpriority=\"high\" decoding=\"async\" width=\"720\" height=\"720\" src=\"https:\/\/i0.wp.com\/ndt.pt\/construcoes\/wp-content\/uploads\/2024\/01\/casa-barco-exterior-1.jpg?resize=720%2C720&amp;ssl=1\" class=\"attachment-engitech-portfolio-thumbnail-grid size-engitech-portfolio-thumbnail-grid wp-post-image\" alt=\"\" srcset=\"https:\/\/i0.wp.com\/ndt.pt\/construcoes\/wp-content\/uploads\/2024\/01\/casa-barco-exterior-1.jpg?resize=150%2C150&amp;ssl=1 150w, https:\/\/i0.wp.com\/ndt.pt\/construcoes\/wp-content\/uploads\/2024\/01\/casa-barco-exterior-1.jpg?resize=720%2C720&amp;ssl=1 720w, https:\/\/i0.wp.com\/ndt.pt\/construcoes\/wp-content\/uploads\/2024\/01\/casa-barco-exterior-1.jpg?resize=300%2C300&amp;ssl=1 300w, https:\/\/i0.wp.com\/ndt.pt\/construcoes\/wp-content\/uploads\/2024\/01\/casa-barco-exterior-1.jpg?resize=100%2C100&amp;ssl=1 100w, https:\/\/i0.wp.com\/ndt.pt\/construcoes\/wp-content\/uploads\/2024\/01\/casa-barco-exterior-1.jpg?zoom=2&amp;resize=720%2C720&amp;ssl=1 1440w\" sizes=\"(max-width: 720px) 100vw, 720px\" \/>\t\t\t\t\t\t\t\t<\/a>\r\n\t\t\t\t\t\t\t<\/div>\r\n\t\t\t\t\t\t\t<div class=\"portfolio-info \">\r\n\t\t\t\t\t\t\t\t<a class=\"overlay\" href=\"https:\/\/ndt.pt\/construcoes\/portfolio\/casa-do-barco\/\"><\/a>\t\t\t\t\t\t\t\t<div class=\"portfolio-info-inner\">\r\n\t\t\t\t\t\t\t\t\t<h5><a href=\"https:\/\/ndt.pt\/construcoes\/portfolio\/casa-do-barco\/\">Casa do Barco<\/a><\/h5>\r\n\t\t\t\t\t\t\t\t\t<p class=\"portfolio-cates\"><a href=\"https:\/\/ndt.pt\/construcoes\/portfolio-category\/construcao-civil\/\">Constru\u00e7\u00e3o civil<\/a><span>\/<\/span><\/p> \r\n\t\t\t\t\t\t\t\t<\/div>\r\n\t\t\t\t\t\t\t<\/div>\r\n\t\t\t\t\t\t<\/div>\r\n\t\t\t\t\t<\/div>\r\n\r\n\t            \r\n\t            \t<div class=\"project-item category-30 \">\r\n\t\t\t\t\t\t<div class=\"projects-box\">\r\n\t\t\t\t\t\t\t<div class=\"projects-thumbnail\">\r\n\t\t\t\t\t\t\t\t<a href=\"https:\/\/ndt.pt\/construcoes\/portfolio\/coberturas-love-tiles\/\">\r\n\t\t\t\t\t\t\t\t\t<img decoding=\"async\" width=\"720\" height=\"720\" src=\"https:\/\/i0.wp.com\/ndt.pt\/construcoes\/wp-content\/uploads\/2023\/08\/imagem_destaque.png?resize=720%2C720&amp;ssl=1\" class=\"attachment-engitech-portfolio-thumbnail-grid size-engitech-portfolio-thumbnail-grid wp-post-image\" alt=\"\" srcset=\"https:\/\/i0.wp.com\/ndt.pt\/construcoes\/wp-content\/uploads\/2023\/08\/imagem_destaque.png?resize=150%2C150&amp;ssl=1 150w, https:\/\/i0.wp.com\/ndt.pt\/construcoes\/wp-content\/uploads\/2023\/08\/imagem_destaque.png?resize=720%2C720&amp;ssl=1 720w, https:\/\/i0.wp.com\/ndt.pt\/construcoes\/wp-content\/uploads\/2023\/08\/imagem_destaque.png?resize=300%2C300&amp;ssl=1 300w, https:\/\/i0.wp.com\/ndt.pt\/construcoes\/wp-content\/uploads\/2023\/08\/imagem_destaque.png?resize=100%2C100&amp;ssl=1 100w, https:\/\/i0.wp.com\/ndt.pt\/construcoes\/wp-content\/uploads\/2023\/08\/imagem_destaque.png?zoom=2&amp;resize=720%2C720&amp;ssl=1 1440w, https:\/\/i0.wp.com\/ndt.pt\/construcoes\/wp-content\/uploads\/2023\/08\/imagem_destaque.png?zoom=3&amp;resize=720%2C720&amp;ssl=1 2160w\" sizes=\"(max-width: 720px) 100vw, 720px\" \/>\t\t\t\t\t\t\t\t<\/a>\r\n\t\t\t\t\t\t\t<\/div>\r\n\t\t\t\t\t\t\t<div class=\"portfolio-info \">\r\n\t\t\t\t\t\t\t\t<a class=\"overlay\" href=\"https:\/\/ndt.pt\/construcoes\/portfolio\/coberturas-love-tiles\/\"><\/a>\t\t\t\t\t\t\t\t<div class=\"portfolio-info-inner\">\r\n\t\t\t\t\t\t\t\t\t<h5><a href=\"https:\/\/ndt.pt\/construcoes\/portfolio\/coberturas-love-tiles\/\">Coberturas Love Tiles<\/a><\/h5>\r\n\t\t\t\t\t\t\t\t\t<p class=\"portfolio-cates\"><a href=\"https:\/\/ndt.pt\/construcoes\/portfolio-category\/contrucao-metalica\/\">Constru\u00e7\u00e3o met\u00e1lica<\/a><span>\/<\/span><\/p> \r\n\t\t\t\t\t\t\t\t<\/div>\r\n\t\t\t\t\t\t\t<\/div>\r\n\t\t\t\t\t\t<\/div>\r\n\t\t\t\t\t<\/div>\r\n\r\n\t            \r\n\t            \t<div class=\"project-item category-30 \">\r\n\t\t\t\t\t\t<div class=\"projects-box\">\r\n\t\t\t\t\t\t\t<div class=\"projects-thumbnail\">\r\n\t\t\t\t\t\t\t\t<a href=\"https:\/\/ndt.pt\/construcoes\/portfolio\/chamine-e-saia-pavigres-2\/\">\r\n\t\t\t\t\t\t\t\t\t<img decoding=\"async\" width=\"720\" height=\"720\" src=\"https:\/\/i0.wp.com\/ndt.pt\/construcoes\/wp-content\/uploads\/2023\/07\/DJI_0031-scaled.jpg?resize=720%2C720&amp;ssl=1\" class=\"attachment-engitech-portfolio-thumbnail-grid size-engitech-portfolio-thumbnail-grid wp-post-image\" alt=\"\" srcset=\"https:\/\/i0.wp.com\/ndt.pt\/construcoes\/wp-content\/uploads\/2023\/07\/DJI_0031-scaled.jpg?resize=150%2C150&amp;ssl=1 150w, https:\/\/i0.wp.com\/ndt.pt\/construcoes\/wp-content\/uploads\/2023\/07\/DJI_0031-scaled.jpg?resize=720%2C720&amp;ssl=1 720w, https:\/\/i0.wp.com\/ndt.pt\/construcoes\/wp-content\/uploads\/2023\/07\/DJI_0031-scaled.jpg?resize=300%2C300&amp;ssl=1 300w, https:\/\/i0.wp.com\/ndt.pt\/construcoes\/wp-content\/uploads\/2023\/07\/DJI_0031-scaled.jpg?resize=100%2C100&amp;ssl=1 100w, https:\/\/i0.wp.com\/ndt.pt\/construcoes\/wp-content\/uploads\/2023\/07\/DJI_0031-scaled.jpg?zoom=2&amp;resize=720%2C720&amp;ssl=1 1440w, https:\/\/i0.wp.com\/ndt.pt\/construcoes\/wp-content\/uploads\/2023\/07\/DJI_0031-scaled.jpg?zoom=3&amp;resize=720%2C720&amp;ssl=1 2160w\" sizes=\"(max-width: 720px) 100vw, 720px\" \/>\t\t\t\t\t\t\t\t<\/a>\r\n\t\t\t\t\t\t\t<\/div>\r\n\t\t\t\t\t\t\t<div class=\"portfolio-info \">\r\n\t\t\t\t\t\t\t\t<a class=\"overlay\" href=\"https:\/\/ndt.pt\/construcoes\/portfolio\/chamine-e-saia-pavigres-2\/\"><\/a>\t\t\t\t\t\t\t\t<div class=\"portfolio-info-inner\">\r\n\t\t\t\t\t\t\t\t\t<h5><a href=\"https:\/\/ndt.pt\/construcoes\/portfolio\/chamine-e-saia-pavigres-2\/\">Chamin\u00e9 e saia &#8211; Pavigr\u00e9s 2<\/a><\/h5>\r\n\t\t\t\t\t\t\t\t\t<p class=\"portfolio-cates\"><a href=\"https:\/\/ndt.pt\/construcoes\/portfolio-category\/contrucao-metalica\/\">Constru\u00e7\u00e3o met\u00e1lica<\/a><span>\/<\/span><\/p> \r\n\t\t\t\t\t\t\t\t<\/div>\r\n\t\t\t\t\t\t\t<\/div>\r\n\t\t\t\t\t\t<\/div>\r\n\t\t\t\t\t<\/div>\r\n\r\n\t            \r\n\t            \t<div class=\"project-item category-30 \">\r\n\t\t\t\t\t\t<div class=\"projects-box\">\r\n\t\t\t\t\t\t\t<div class=\"projects-thumbnail\">\r\n\t\t\t\t\t\t\t\t<a href=\"https:\/\/ndt.pt\/construcoes\/portfolio\/chamine-margres\/\">\r\n\t\t\t\t\t\t\t\t\t<img loading=\"lazy\" decoding=\"async\" width=\"720\" height=\"720\" src=\"https:\/\/i0.wp.com\/ndt.pt\/construcoes\/wp-content\/uploads\/2023\/07\/DSC_0353-scaled.jpg?resize=720%2C720&amp;ssl=1\" class=\"attachment-engitech-portfolio-thumbnail-grid size-engitech-portfolio-thumbnail-grid wp-post-image\" alt=\"\" srcset=\"https:\/\/i0.wp.com\/ndt.pt\/construcoes\/wp-content\/uploads\/2023\/07\/DSC_0353-scaled.jpg?resize=150%2C150&amp;ssl=1 150w, https:\/\/i0.wp.com\/ndt.pt\/construcoes\/wp-content\/uploads\/2023\/07\/DSC_0353-scaled.jpg?resize=720%2C720&amp;ssl=1 720w, https:\/\/i0.wp.com\/ndt.pt\/construcoes\/wp-content\/uploads\/2023\/07\/DSC_0353-scaled.jpg?resize=300%2C300&amp;ssl=1 300w, https:\/\/i0.wp.com\/ndt.pt\/construcoes\/wp-content\/uploads\/2023\/07\/DSC_0353-scaled.jpg?resize=100%2C100&amp;ssl=1 100w, https:\/\/i0.wp.com\/ndt.pt\/construcoes\/wp-content\/uploads\/2023\/07\/DSC_0353-scaled.jpg?zoom=2&amp;resize=720%2C720&amp;ssl=1 1440w, https:\/\/i0.wp.com\/ndt.pt\/construcoes\/wp-content\/uploads\/2023\/07\/DSC_0353-scaled.jpg?zoom=3&amp;resize=720%2C720&amp;ssl=1 2160w\" sizes=\"(max-width: 720px) 100vw, 720px\" \/>\t\t\t\t\t\t\t\t<\/a>\r\n\t\t\t\t\t\t\t<\/div>\r\n\t\t\t\t\t\t\t<div class=\"portfolio-info \">\r\n\t\t\t\t\t\t\t\t<a class=\"overlay\" href=\"https:\/\/ndt.pt\/construcoes\/portfolio\/chamine-margres\/\"><\/a>\t\t\t\t\t\t\t\t<div class=\"portfolio-info-inner\">\r\n\t\t\t\t\t\t\t\t\t<h5><a href=\"https:\/\/ndt.pt\/construcoes\/portfolio\/chamine-margres\/\">Chamin\u00e9 &#8211; Margres<\/a><\/h5>\r\n\t\t\t\t\t\t\t\t\t<p class=\"portfolio-cates\"><a href=\"https:\/\/ndt.pt\/construcoes\/portfolio-category\/contrucao-metalica\/\">Constru\u00e7\u00e3o met\u00e1lica<\/a><span>\/<\/span><\/p> \r\n\t\t\t\t\t\t\t\t<\/div>\r\n\t\t\t\t\t\t\t<\/div>\r\n\t\t\t\t\t\t<\/div>\r\n\t\t\t\t\t<\/div>\r\n\r\n\t            \r\n\t            \t<div class=\"project-item category-31 \">\r\n\t\t\t\t\t\t<div class=\"projects-box\">\r\n\t\t\t\t\t\t\t<div class=\"projects-thumbnail\">\r\n\t\t\t\t\t\t\t\t<a href=\"https:\/\/ndt.pt\/construcoes\/portfolio\/casa-dos-clerigos\/\">\r\n\t\t\t\t\t\t\t\t\t<img loading=\"lazy\" decoding=\"async\" width=\"720\" height=\"652\" src=\"https:\/\/i0.wp.com\/ndt.pt\/construcoes\/wp-content\/uploads\/2023\/07\/NDT-Scene-4.jpg?resize=720%2C652&amp;ssl=1\" class=\"attachment-engitech-portfolio-thumbnail-grid size-engitech-portfolio-thumbnail-grid wp-post-image\" alt=\"\" \/>\t\t\t\t\t\t\t\t<\/a>\r\n\t\t\t\t\t\t\t<\/div>\r\n\t\t\t\t\t\t\t<div class=\"portfolio-info \">\r\n\t\t\t\t\t\t\t\t<a class=\"overlay\" href=\"https:\/\/ndt.pt\/construcoes\/portfolio\/casa-dos-clerigos\/\"><\/a>\t\t\t\t\t\t\t\t<div class=\"portfolio-info-inner\">\r\n\t\t\t\t\t\t\t\t\t<h5><a href=\"https:\/\/ndt.pt\/construcoes\/portfolio\/casa-dos-clerigos\/\">Casa dos Cl\u00e9rigos<\/a><\/h5>\r\n\t\t\t\t\t\t\t\t\t<p class=\"portfolio-cates\"><a href=\"https:\/\/ndt.pt\/construcoes\/portfolio-category\/construcao-civil\/\">Constru\u00e7\u00e3o civil<\/a><span>\/<\/span><\/p> \r\n\t\t\t\t\t\t\t\t<\/div>\r\n\t\t\t\t\t\t\t<\/div>\r\n\t\t\t\t\t\t<\/div>\r\n\t\t\t\t\t<\/div>\r\n\r\n\t            \r\n\t            \t<div class=\"project-item category-30 \">\r\n\t\t\t\t\t\t<div class=\"projects-box\">\r\n\t\t\t\t\t\t\t<div class=\"projects-thumbnail\">\r\n\t\t\t\t\t\t\t\t<a href=\"https:\/\/ndt.pt\/construcoes\/portfolio\/fachada-gresart\/\">\r\n\t\t\t\t\t\t\t\t\t<img loading=\"lazy\" decoding=\"async\" width=\"720\" height=\"720\" src=\"https:\/\/i0.wp.com\/ndt.pt\/construcoes\/wp-content\/uploads\/2019\/11\/fachada-GRESART-1-scaled.jpg?resize=720%2C720&amp;ssl=1\" class=\"attachment-engitech-portfolio-thumbnail-grid size-engitech-portfolio-thumbnail-grid wp-post-image\" alt=\"\" srcset=\"https:\/\/i0.wp.com\/ndt.pt\/construcoes\/wp-content\/uploads\/2019\/11\/fachada-GRESART-1-scaled.jpg?resize=150%2C150&amp;ssl=1 150w, https:\/\/i0.wp.com\/ndt.pt\/construcoes\/wp-content\/uploads\/2019\/11\/fachada-GRESART-1-scaled.jpg?resize=720%2C720&amp;ssl=1 720w, https:\/\/i0.wp.com\/ndt.pt\/construcoes\/wp-content\/uploads\/2019\/11\/fachada-GRESART-1-scaled.jpg?resize=300%2C300&amp;ssl=1 300w, https:\/\/i0.wp.com\/ndt.pt\/construcoes\/wp-content\/uploads\/2019\/11\/fachada-GRESART-1-scaled.jpg?resize=100%2C100&amp;ssl=1 100w, https:\/\/i0.wp.com\/ndt.pt\/construcoes\/wp-content\/uploads\/2019\/11\/fachada-GRESART-1-scaled.jpg?zoom=2&amp;resize=720%2C720&amp;ssl=1 1440w, https:\/\/i0.wp.com\/ndt.pt\/construcoes\/wp-content\/uploads\/2019\/11\/fachada-GRESART-1-scaled.jpg?zoom=3&amp;resize=720%2C720&amp;ssl=1 2160w\" sizes=\"(max-width: 720px) 100vw, 720px\" \/>\t\t\t\t\t\t\t\t<\/a>\r\n\t\t\t\t\t\t\t<\/div>\r\n\t\t\t\t\t\t\t<div class=\"portfolio-info \">\r\n\t\t\t\t\t\t\t\t<a class=\"overlay\" href=\"https:\/\/ndt.pt\/construcoes\/portfolio\/fachada-gresart\/\"><\/a>\t\t\t\t\t\t\t\t<div class=\"portfolio-info-inner\">\r\n\t\t\t\t\t\t\t\t\t<h5><a href=\"https:\/\/ndt.pt\/construcoes\/portfolio\/fachada-gresart\/\">Fachada Gresart<\/a><\/h5>\r\n\t\t\t\t\t\t\t\t\t<p class=\"portfolio-cates\"><a href=\"https:\/\/ndt.pt\/construcoes\/portfolio-category\/contrucao-metalica\/\">Constru\u00e7\u00e3o met\u00e1lica<\/a><span>\/<\/span><\/p> \r\n\t\t\t\t\t\t\t\t<\/div>\r\n\t\t\t\t\t\t\t<\/div>\r\n\t\t\t\t\t\t<\/div>\r\n\t\t\t\t\t<\/div>\r\n\r\n\t            \t        <\/div>\r\n\t    <\/div>\r\n\r\n\t    \t\t\t\t<\/div>\n\t\t\t\t<\/div>\n\t\t\t\t\t<\/div>\n\t\t<\/div>\n\t\t\t\t\t<\/div>\n\t\t<\/section>\n\t\t\t\t<\/div>\n\t\t","protected":false},"excerpt":{"rendered":"<p>Familiarize-se com os nossos projetos \u201cThose who plan do better than those who do not plan, even though they rarely stick to their plan.\u201d \u2013 \u00a0Winston Churchill All Constru\u00e7\u00e3o civil Constru\u00e7\u00e3o met\u00e1lica Chamin\u00e9 e saia &#8211; Pavigr\u00e9s 2 Constru\u00e7\u00e3o met\u00e1lica\/ Chamin\u00e9 &#8211; Margres Constru\u00e7\u00e3o met\u00e1lica\/ Casa dos Cl\u00e9rigos Constru\u00e7\u00e3o civil\/ Fachada Gresart Constru\u00e7\u00e3o met\u00e1lica\/ Avel\u00e3s-de-Caminho [&hellip;]<\/p>\n","protected":false},"author":2,"featured_media":0,"parent":0,"menu_order":0,"comment_status":"closed","ping_status":"closed","template":"","meta":{"footnotes":""},"class_list":["post-1914","page","type-page","status-publish","hentry"],"jetpack_sharing_enabled":true,"_links":{"self":[{"href":"https:\/\/ndt.pt\/construcoes\/wp-json\/wp\/v2\/pages\/1914","targetHints":{"allow":["GET"]}}],"collection":[{"href":"https:\/\/ndt.pt\/construcoes\/wp-json\/wp\/v2\/pages"}],"about":[{"href":"https:\/\/ndt.pt\/construcoes\/wp-json\/wp\/v2\/types\/page"}],"author":[{"embeddable":true,"href":"https:\/\/ndt.pt\/construcoes\/wp-json\/wp\/v2\/users\/2"}],"replies":[{"embeddable":true,"href":"https:\/\/ndt.pt\/construcoes\/wp-json\/wp\/v2\/comments?post=1914"}],"version-history":[{"count":15,"href":"https:\/\/ndt.pt\/construcoes\/wp-json\/wp\/v2\/pages\/1914\/revisions"}],"predecessor-version":[{"id":5783,"href":"https:\/\/ndt.pt\/construcoes\/wp-json\/wp\/v2\/pages\/1914\/revisions\/5783"}],"wp:attachment":[{"href":"https:\/\/ndt.pt\/construcoes\/wp-json\/wp\/v2\/media?parent=1914"}],"curies":[{"name":"wp","href":"https:\/\/api.w.org\/{rel}","templated":true}]}}