{"id":5878,"date":"2023-09-19T10:25:00","date_gmt":"2023-09-19T10:25:00","guid":{"rendered":"https:\/\/ndt.pt\/construcoes\/?page_id=5878"},"modified":"2023-09-29T10:10:53","modified_gmt":"2023-09-29T10:10:53","slug":"construcoes","status":"publish","type":"page","link":"https:\/\/ndt.pt\/construcoes\/servicos\/construcoes\/","title":{"rendered":"Constru\u00e7\u00e3o"},"content":{"rendered":"\t\t<div data-elementor-type=\"wp-page\" data-elementor-id=\"5878\" class=\"elementor elementor-5878\">\n\t\t\t\t\t\t<section class=\"elementor-section elementor-top-section elementor-element elementor-element-54c7bbea ot-traditional elementor-section-boxed elementor-section-height-default elementor-section-height-default\" data-id=\"54c7bbea\" data-element_type=\"section\" data-e-type=\"section\" id=\"zzz\" data-settings=\"{&quot;background_background&quot;:&quot;classic&quot;}\">\n\t\t\t\t\t\t<div class=\"elementor-container elementor-column-gap-extended\">\n\t\t\t\t\t<div class=\"elementor-column elementor-col-100 elementor-top-column elementor-element elementor-element-eb4de16 ot-flex-column-vertical\" data-id=\"eb4de16\" data-element_type=\"column\" data-e-type=\"column\">\n\t\t\t<div class=\"elementor-widget-wrap elementor-element-populated\">\n\t\t\t\t\t\t<div class=\"elementor-element elementor-element-5a7dc659 elementor-widget elementor-widget-iheading\" data-id=\"5a7dc659\" data-element_type=\"widget\" data-e-type=\"widget\" data-widget_type=\"iheading.default\">\n\t\t\t\t<div class=\"elementor-widget-container\">\n\t\t\t\t\t\t\t<div class=\"ot-heading\">\r\n\t        <h2 class=\"main-heading\">A nossa presen\u00e7a <br>\nno setor da constru\u00e7\u00e3o<\/h2>\t    <\/div>\r\n\t    \t\t\t\t<\/div>\n\t\t\t\t<\/div>\n\t\t\t\t<div class=\"elementor-element elementor-element-2f878829 elementor-widget elementor-widget-image\" data-id=\"2f878829\" data-element_type=\"widget\" data-e-type=\"widget\" data-widget_type=\"image.default\">\n\t\t\t\t<div class=\"elementor-widget-container\">\n\t\t\t\t\t\t\t\t\t\t\t\t\t\t\t<img fetchpriority=\"high\" decoding=\"async\" width=\"2000\" height=\"1335\" src=\"https:\/\/i0.wp.com\/ndt.pt\/construcoes\/wp-content\/uploads\/2023\/09\/metalica010.jpg?fit=2000%2C1335&amp;ssl=1\" class=\"attachment-full size-full wp-image-6063\" alt=\"\" srcset=\"https:\/\/i0.wp.com\/ndt.pt\/construcoes\/wp-content\/uploads\/2023\/09\/metalica010.jpg?w=2000&amp;ssl=1 2000w, https:\/\/i0.wp.com\/ndt.pt\/construcoes\/wp-content\/uploads\/2023\/09\/metalica010.jpg?resize=300%2C200&amp;ssl=1 300w, https:\/\/i0.wp.com\/ndt.pt\/construcoes\/wp-content\/uploads\/2023\/09\/metalica010.jpg?resize=1024%2C684&amp;ssl=1 1024w, https:\/\/i0.wp.com\/ndt.pt\/construcoes\/wp-content\/uploads\/2023\/09\/metalica010.jpg?resize=768%2C513&amp;ssl=1 768w, https:\/\/i0.wp.com\/ndt.pt\/construcoes\/wp-content\/uploads\/2023\/09\/metalica010.jpg?resize=1536%2C1025&amp;ssl=1 1536w, https:\/\/i0.wp.com\/ndt.pt\/construcoes\/wp-content\/uploads\/2023\/09\/metalica010.jpg?resize=720%2C481&amp;ssl=1 720w, https:\/\/i0.wp.com\/ndt.pt\/construcoes\/wp-content\/uploads\/2023\/09\/metalica010.jpg?resize=1320%2C881&amp;ssl=1 1320w, https:\/\/i0.wp.com\/ndt.pt\/construcoes\/wp-content\/uploads\/2023\/09\/metalica010.jpg?resize=600%2C401&amp;ssl=1 600w\" sizes=\"(max-width: 1000px) 100vw, 1000px\" \/>\t\t\t\t\t\t\t\t\t\t\t\t\t\t\t<\/div>\n\t\t\t\t<\/div>\n\t\t\t\t<section class=\"elementor-section elementor-inner-section elementor-element elementor-element-6b1b6408 elementor-section-full_width ot-traditional elementor-section-height-default elementor-section-height-default\" data-id=\"6b1b6408\" data-element_type=\"section\" data-e-type=\"section\">\n\t\t\t\t\t\t<div class=\"elementor-container elementor-column-gap-default\">\n\t\t\t\t\t<div class=\"elementor-column elementor-col-33 elementor-inner-column elementor-element elementor-element-3e79254d ot-flex-column-vertical\" data-id=\"3e79254d\" data-element_type=\"column\" data-e-type=\"column\">\n\t\t\t<div class=\"elementor-widget-wrap elementor-element-populated\">\n\t\t\t\t\t\t<div class=\"elementor-element elementor-element-7fe88041 elementor-widget elementor-widget-iservice_box\" data-id=\"7fe88041\" data-element_type=\"widget\" data-e-type=\"widget\" data-widget_type=\"iservice_box.default\">\n\t\t\t\t<div class=\"elementor-widget-container\">\n\t\t\t\t\t\r\n\t\t<div class=\"service-box s-box\">\r\n\t\t\t<span class=\"big-number\">01<\/span>\r\n\t\t\t<div class=\"icon-main\">\r\n\t\t        <i aria-hidden=\"true\" class=\"fas fa-warehouse\"><\/i>\t\t\t    \t\t        \t        <\/div>\r\n\t        <div class=\"content-box\">\r\n\t            <h5>Pavilh\u00f5es<\/h5>\r\n\t            <p>Constru\u00e7\u00e3o<\/p>\r\n\t        <\/div>\r\n\t    <\/div>\r\n\r\n\t    \t\t\t\t<\/div>\n\t\t\t\t<\/div>\n\t\t\t\t\t<\/div>\n\t\t<\/div>\n\t\t\t\t<div class=\"elementor-column elementor-col-33 elementor-inner-column elementor-element elementor-element-464499d8 ot-flex-column-vertical\" data-id=\"464499d8\" data-element_type=\"column\" data-e-type=\"column\">\n\t\t\t<div class=\"elementor-widget-wrap elementor-element-populated\">\n\t\t\t\t\t\t<div class=\"elementor-element elementor-element-22a14eef elementor-widget elementor-widget-iservice_box\" data-id=\"22a14eef\" data-element_type=\"widget\" data-e-type=\"widget\" data-widget_type=\"iservice_box.default\">\n\t\t\t\t<div class=\"elementor-widget-container\">\n\t\t\t\t\t\r\n\t\t<div class=\"service-box s-box\">\r\n\t\t\t<span class=\"big-number\">02<\/span>\r\n\t\t\t<div class=\"icon-main\">\r\n\t\t        <i aria-hidden=\"true\" class=\"fas fa-house-user\"><\/i>\t\t\t    \t\t        \t        <\/div>\r\n\t        <div class=\"content-box\">\r\n\t            <h5>Habita\u00e7\u00f5es<\/h5>\r\n\t            <p>Design e constru\u00e7\u00e3o<\/p>\r\n\t        <\/div>\r\n\t    <\/div>\r\n\r\n\t    \t\t\t\t<\/div>\n\t\t\t\t<\/div>\n\t\t\t\t\t<\/div>\n\t\t<\/div>\n\t\t\t\t<div class=\"elementor-column elementor-col-33 elementor-inner-column elementor-element elementor-element-6044f782 ot-flex-column-vertical\" data-id=\"6044f782\" data-element_type=\"column\" data-e-type=\"column\">\n\t\t\t<div class=\"elementor-widget-wrap elementor-element-populated\">\n\t\t\t\t\t\t<div class=\"elementor-element elementor-element-69f678a6 elementor-widget elementor-widget-iservice_box\" data-id=\"69f678a6\" data-element_type=\"widget\" data-e-type=\"widget\" data-widget_type=\"iservice_box.default\">\n\t\t\t\t<div class=\"elementor-widget-container\">\n\t\t\t\t\t\r\n\t\t<div class=\"service-box s-box\">\r\n\t\t\t<span class=\"big-number\">03<\/span>\r\n\t\t\t<div class=\"icon-main\">\r\n\t\t        <i aria-hidden=\"true\" class=\"fas fa-screwdriver\"><\/i>\t\t\t    \t\t        \t        <\/div>\r\n\t        <div class=\"content-box\">\r\n\t            <h5>Constru\u00e7\u00e3o met\u00e1lica<\/h5>\r\n\t            <p>Concep\u00e7\u00e3o e aplica\u00e7\u00e3o<\/p>\r\n\t        <\/div>\r\n\t    <\/div>\r\n\r\n\t    \t\t\t\t<\/div>\n\t\t\t\t<\/div>\n\t\t\t\t\t<\/div>\n\t\t<\/div>\n\t\t\t\t\t<\/div>\n\t\t<\/section>\n\t\t\t\t\t<\/div>\n\t\t<\/div>\n\t\t\t\t\t<\/div>\n\t\t<\/section>\n\t\t\t\t<section class=\"elementor-section elementor-top-section elementor-element elementor-element-7dc8408b elementor-section-content-middle ot-traditional elementor-section-boxed elementor-section-height-default elementor-section-height-default\" data-id=\"7dc8408b\" data-element_type=\"section\" data-e-type=\"section\" data-settings=\"{&quot;background_background&quot;:&quot;classic&quot;}\">\n\t\t\t\t\t\t<div class=\"elementor-container elementor-column-gap-extended\">\n\t\t\t\t\t<div class=\"elementor-column elementor-col-50 elementor-top-column elementor-element elementor-element-3cee7f3d ot-flex-column-vertical\" data-id=\"3cee7f3d\" data-element_type=\"column\" data-e-type=\"column\">\n\t\t\t<div class=\"elementor-widget-wrap elementor-element-populated\">\n\t\t\t\t\t\t<div class=\"elementor-element elementor-element-6e09bec3 elementor-widget elementor-widget-iheading\" data-id=\"6e09bec3\" data-element_type=\"widget\" data-e-type=\"widget\" data-widget_type=\"iheading.default\">\n\t\t\t\t<div class=\"elementor-widget-container\">\n\t\t\t\t\t\t\t<div class=\"ot-heading\">\r\n\t        <h2 class=\"main-heading\">A nossa fun\u00e7\u00e3o<\/h2>\t    <\/div>\r\n\t    \t\t\t\t<\/div>\n\t\t\t\t<\/div>\n\t\t\t\t<div class=\"elementor-element elementor-element-2be028fe elementor-widget elementor-widget-text-editor\" data-id=\"2be028fe\" data-element_type=\"widget\" data-e-type=\"widget\" data-widget_type=\"text-editor.default\">\n\t\t\t\t<div class=\"elementor-widget-container\">\n\t\t\t\t\t\t\t\t\t<p>Oferecemos servi\u00e7os personalizados de constru\u00e7\u00e3o met\u00e1lica e civil, incluindo a fabrica\u00e7\u00e3o de estruturas de a\u00e7o, corrim\u00e3os, cercas e outros componentes de metal para projetos de constru\u00e7\u00e3o.<\/p>\t\t\t\t\t\t\t\t<\/div>\n\t\t\t\t<\/div>\n\t\t\t\t<section class=\"elementor-section elementor-inner-section elementor-element elementor-element-2d5be00 elementor-section-full_width elementor-section-content-middle ot-traditional elementor-section-height-default elementor-section-height-default\" data-id=\"2d5be00\" data-element_type=\"section\" data-e-type=\"section\">\n\t\t\t\t\t\t<div class=\"elementor-container elementor-column-gap-extended\">\n\t\t\t\t\t<div class=\"elementor-column elementor-col-33 elementor-inner-column elementor-element elementor-element-6ba5cc44 ot-flex-column-vertical\" data-id=\"6ba5cc44\" data-element_type=\"column\" data-e-type=\"column\">\n\t\t\t<div class=\"elementor-widget-wrap elementor-element-populated\">\n\t\t\t\t\t\t<div class=\"elementor-element elementor-element-7dab4c41 elementor-widget elementor-widget-icounter\" data-id=\"7dab4c41\" data-element_type=\"widget\" data-e-type=\"widget\" data-widget_type=\"icounter.default\">\n\t\t\t\t<div class=\"elementor-widget-container\">\n\t\t\t\t\t\t\t\t\t\t    \t<div class=\"icounter ot-counter\">\r\n\t\t        \t<div>\r\n\t\t        \t\t<span class=\"num\" data-to=\"30\" data-time= \"2000\"><\/span>\r\n\t\t        \t\t<span>+<\/span>\r\n\t\t        \t<\/div>\r\n\t\t        \t<h6>Clientes<\/h6>      \t\t\t\t        \r\n\t\t\t    <\/div>\r\n\t\t    \t    \t\t\t\t<\/div>\n\t\t\t\t<\/div>\n\t\t\t\t\t<\/div>\n\t\t<\/div>\n\t\t\t\t<div class=\"elementor-column elementor-col-33 elementor-inner-column elementor-element elementor-element-30b7b182 ot-flex-column-vertical\" data-id=\"30b7b182\" data-element_type=\"column\" data-e-type=\"column\">\n\t\t\t<div class=\"elementor-widget-wrap elementor-element-populated\">\n\t\t\t\t\t\t<div class=\"elementor-element elementor-element-3297c60 elementor-widget elementor-widget-icounter\" data-id=\"3297c60\" data-element_type=\"widget\" data-e-type=\"widget\" data-widget_type=\"icounter.default\">\n\t\t\t\t<div class=\"elementor-widget-container\">\n\t\t\t\t\t\t\t\t\t\t    \t<div class=\"icounter ot-counter\">\r\n\t\t        \t<div>\r\n\t\t        \t\t<span class=\"num\" data-to=\"500\" data-time= \"2000\"><\/span>\r\n\t\t        \t\t<span>+<\/span>\r\n\t\t        \t<\/div>\r\n\t\t        \t<h6>Trabalhos<\/h6>      \t\t\t\t        \r\n\t\t\t    <\/div>\r\n\t\t    \t    \t\t\t\t<\/div>\n\t\t\t\t<\/div>\n\t\t\t\t\t<\/div>\n\t\t<\/div>\n\t\t\t\t<div class=\"elementor-column elementor-col-33 elementor-inner-column elementor-element elementor-element-36c069b4 ot-flex-column-vertical\" data-id=\"36c069b4\" data-element_type=\"column\" data-e-type=\"column\">\n\t\t\t<div class=\"elementor-widget-wrap elementor-element-populated\">\n\t\t\t\t\t\t<div class=\"elementor-element elementor-element-7913edfa elementor-widget elementor-widget-icounter\" data-id=\"7913edfa\" data-element_type=\"widget\" data-e-type=\"widget\" data-widget_type=\"icounter.default\">\n\t\t\t\t<div class=\"elementor-widget-container\">\n\t\t\t\t\t\t\t\t\t\t    \t<div class=\"icounter ot-counter\">\r\n\t\t        \t<div>\r\n\t\t        \t\t<span class=\"num\" data-to=\"20\" data-time= \"2000\"><\/span>\r\n\t\t        \t\t<span>+<\/span>\r\n\t\t        \t<\/div>\r\n\t\t        \t<h6>Colaboradores<\/h6>      \t\t\t\t        \r\n\t\t\t    <\/div>\r\n\t\t    \t    \t\t\t\t<\/div>\n\t\t\t\t<\/div>\n\t\t\t\t\t<\/div>\n\t\t<\/div>\n\t\t\t\t\t<\/div>\n\t\t<\/section>\n\t\t\t\t\t<\/div>\n\t\t<\/div>\n\t\t\t\t<div class=\"elementor-column elementor-col-50 elementor-top-column elementor-element elementor-element-793a8d8d ot-flex-column-vertical\" data-id=\"793a8d8d\" data-element_type=\"column\" data-e-type=\"column\">\n\t\t\t<div class=\"elementor-widget-wrap elementor-element-populated\">\n\t\t\t\t\t\t<section class=\"elementor-section elementor-inner-section elementor-element elementor-element-774995f1 elementor-section-full_width ot-layout_block elementor-section-height-default elementor-section-height-default\" data-id=\"774995f1\" data-element_type=\"section\" data-e-type=\"section\">\n\t\t\t\t\t\t<div class=\"elementor-container elementor-column-gap-extended\">\n\t\t\t\t\t<div class=\"elementor-column elementor-col-50 elementor-inner-column elementor-element elementor-element-3ec851be ot-flex-column-vertical\" data-id=\"3ec851be\" data-element_type=\"column\" data-e-type=\"column\">\n\t\t\t<div class=\"elementor-widget-wrap elementor-element-populated\">\n\t\t\t\t\t\t<div class=\"elementor-element elementor-element-746cf308 elementor-widget elementor-widget-iimagebox1\" data-id=\"746cf308\" data-element_type=\"widget\" data-e-type=\"widget\" data-widget_type=\"iimagebox1.default\">\n\t\t\t\t<div class=\"elementor-widget-container\">\n\t\t\t\t\t\t\t<a class=\"ot-image-box\" >\r\n\t\t\t<div class=\"overlay\">\r\n\t        \t<h4><\/h4>\r\n\t\t\t<\/div>\r\n\t\t\t<img data-recalc-dims=\"1\" decoding=\"async\" src=\"https:\/\/i0.wp.com\/ndt.pt\/construcoes\/wp-content\/uploads\/2023\/09\/construcoes-metalicas-2.jpg?ssl=1\" alt=\"\">\r\n\t\t<\/a>\r\n\t    \t\t\t\t<\/div>\n\t\t\t\t<\/div>\n\t\t\t\t<div class=\"elementor-element elementor-element-32ac22c4 elementor-widget elementor-widget-iimagebox1\" data-id=\"32ac22c4\" data-element_type=\"widget\" data-e-type=\"widget\" data-widget_type=\"iimagebox1.default\">\n\t\t\t\t<div class=\"elementor-widget-container\">\n\t\t\t\t\t\t\t<a class=\"ot-image-box\" >\r\n\t\t\t<div class=\"overlay\">\r\n\t        \t<h4><\/h4>\r\n\t\t\t<\/div>\r\n\t\t\t<img data-recalc-dims=\"1\" decoding=\"async\" src=\"https:\/\/i0.wp.com\/ndt.pt\/construcoes\/wp-content\/uploads\/2023\/09\/Tarde-Frente.jpg?ssl=1\" alt=\"\">\r\n\t\t<\/a>\r\n\t    \t\t\t\t<\/div>\n\t\t\t\t<\/div>\n\t\t\t\t\t<\/div>\n\t\t<\/div>\n\t\t\t\t<div class=\"elementor-column elementor-col-50 elementor-inner-column elementor-element elementor-element-2408c255 ot-flex-column-vertical\" data-id=\"2408c255\" data-element_type=\"column\" data-e-type=\"column\">\n\t\t\t<div class=\"elementor-widget-wrap elementor-element-populated\">\n\t\t\t\t\t\t<div class=\"elementor-element elementor-element-56b230a elementor-widget elementor-widget-iimagebox1\" data-id=\"56b230a\" data-element_type=\"widget\" data-e-type=\"widget\" data-widget_type=\"iimagebox1.default\">\n\t\t\t\t<div class=\"elementor-widget-container\">\n\t\t\t\t\t\t\t<a class=\"ot-image-box\" >\r\n\t\t\t<div class=\"overlay\">\r\n\t        \t<h4><\/h4>\r\n\t\t\t<\/div>\r\n\t\t\t<img data-recalc-dims=\"1\" decoding=\"async\" src=\"https:\/\/i0.wp.com\/ndt.pt\/construcoes\/wp-content\/uploads\/2023\/07\/IMG_0794-002-20.jpg?ssl=1\" alt=\"\">\r\n\t\t<\/a>\r\n\t    \t\t\t\t<\/div>\n\t\t\t\t<\/div>\n\t\t\t\t<div class=\"elementor-element elementor-element-679f15c2 elementor-widget elementor-widget-iimagebox1\" data-id=\"679f15c2\" data-element_type=\"widget\" data-e-type=\"widget\" data-widget_type=\"iimagebox1.default\">\n\t\t\t\t<div class=\"elementor-widget-container\">\n\t\t\t\t\t\t\t<a class=\"ot-image-box\" >\r\n\t\t\t<div class=\"overlay\">\r\n\t        \t<h4><\/h4>\r\n\t\t\t<\/div>\r\n\t\t\t<img data-recalc-dims=\"1\" decoding=\"async\" src=\"https:\/\/i0.wp.com\/ndt.pt\/construcoes\/wp-content\/uploads\/2023\/09\/23_01_2023-03-01_Vidro_Exterior-Poll.jpg?ssl=1\" alt=\"\">\r\n\t\t<\/a>\r\n\t    \t\t\t\t<\/div>\n\t\t\t\t<\/div>\n\t\t\t\t\t<\/div>\n\t\t<\/div>\n\t\t\t\t\t<\/div>\n\t\t<\/section>\n\t\t\t\t\t<\/div>\n\t\t<\/div>\n\t\t\t\t\t<\/div>\n\t\t<\/section>\n\t\t\t\t<section class=\"elementor-section elementor-top-section elementor-element elementor-element-75306928 ot-traditional elementor-section-boxed elementor-section-height-default elementor-section-height-default\" data-id=\"75306928\" data-element_type=\"section\" data-e-type=\"section\" data-settings=\"{&quot;background_background&quot;:&quot;classic&quot;}\">\n\t\t\t\t\t\t<div class=\"elementor-container elementor-column-gap-default\">\n\t\t\t\t\t<div class=\"elementor-column elementor-col-100 elementor-top-column elementor-element elementor-element-48915e51 ot-flex-column-vertical\" data-id=\"48915e51\" data-element_type=\"column\" data-e-type=\"column\">\n\t\t\t<div class=\"elementor-widget-wrap elementor-element-populated\">\n\t\t\t\t\t\t<div class=\"elementor-element elementor-element-5b032401 elementor-widget elementor-widget-iheading\" data-id=\"5b032401\" data-element_type=\"widget\" data-e-type=\"widget\" data-widget_type=\"iheading.default\">\n\t\t\t\t<div class=\"elementor-widget-container\">\n\t\t\t\t\t\t\t<div class=\"ot-heading\">\r\n\t        <h2 class=\"main-heading\">Alguns dos <br>\nnossos trabalhos<\/h2>\t    <\/div>\r\n\t    \t\t\t\t<\/div>\n\t\t\t\t<\/div>\n\t\t\t\t<section class=\"elementor-section elementor-inner-section elementor-element elementor-element-0458e60 elementor-section-full_width ot-layout_block elementor-section-height-default elementor-section-height-default\" data-id=\"0458e60\" data-element_type=\"section\" data-e-type=\"section\" data-settings=\"{&quot;shape_divider_top&quot;:&quot;curve&quot;}\">\n\t\t\t\t\t<div class=\"elementor-shape elementor-shape-top\" aria-hidden=\"true\" data-negative=\"false\">\n\t\t\t<svg xmlns=\"http:\/\/www.w3.org\/2000\/svg\" viewBox=\"0 0 1000 100\" preserveAspectRatio=\"none\">\n    <path class=\"elementor-shape-fill\" d=\"M1000,4.3V0H0v4.3C0.9,23.1,126.7,99.2,500,100S1000,22.7,1000,4.3z\"\/>\n<\/svg>\t\t<\/div>\n\t\t\t\t\t<div class=\"elementor-container elementor-column-gap-extended\">\n\t\t\t\t\t<div class=\"elementor-column elementor-col-100 elementor-inner-column elementor-element elementor-element-f0a11cc ot-flex-column-vertical\" data-id=\"f0a11cc\" data-element_type=\"column\" data-e-type=\"column\">\n\t\t\t<div class=\"elementor-widget-wrap elementor-element-populated\">\n\t\t\t\t\t\t<div class=\"elementor-element elementor-element-f93fde1 elementor-arrows-position-inside elementor-widget elementor-widget-image-carousel\" data-id=\"f93fde1\" data-element_type=\"widget\" data-e-type=\"widget\" data-settings=\"{&quot;slides_to_show&quot;:&quot;3&quot;,&quot;navigation&quot;:&quot;arrows&quot;,&quot;autoplay_speed&quot;:7000,&quot;image_spacing_custom&quot;:{&quot;unit&quot;:&quot;px&quot;,&quot;size&quot;:40,&quot;sizes&quot;:[]},&quot;autoplay&quot;:&quot;yes&quot;,&quot;pause_on_hover&quot;:&quot;yes&quot;,&quot;pause_on_interaction&quot;:&quot;yes&quot;,&quot;infinite&quot;:&quot;yes&quot;,&quot;speed&quot;:500,&quot;image_spacing_custom_tablet&quot;:{&quot;unit&quot;:&quot;px&quot;,&quot;size&quot;:&quot;&quot;,&quot;sizes&quot;:[]},&quot;image_spacing_custom_mobile&quot;:{&quot;unit&quot;:&quot;px&quot;,&quot;size&quot;:&quot;&quot;,&quot;sizes&quot;:[]}}\" data-widget_type=\"image-carousel.default\">\n\t\t\t\t<div class=\"elementor-widget-container\">\n\t\t\t\t\t\t\t<div class=\"elementor-image-carousel-wrapper swiper\" role=\"region\" aria-roledescription=\"carousel\" aria-label=\"Carrossel de imagens\" dir=\"ltr\">\n\t\t\t<div class=\"elementor-image-carousel swiper-wrapper\" aria-live=\"off\">\n\t\t\t\t\t\t\t\t<div class=\"swiper-slide\" role=\"group\" aria-roledescription=\"slide\" aria-label=\"1 of 9\"><figure class=\"swiper-slide-inner\"><img decoding=\"async\" class=\"swiper-slide-image\" src=\"https:\/\/i0.wp.com\/ndt.pt\/construcoes\/wp-content\/uploads\/2023\/09\/chamine-margres-9-scaled.jpg?resize=601%2C520&amp;ssl=1\" alt=\"chamine-margres-9\" \/><\/figure><\/div><div class=\"swiper-slide\" role=\"group\" aria-roledescription=\"slide\" aria-label=\"2 of 9\"><figure class=\"swiper-slide-inner\"><img decoding=\"async\" class=\"swiper-slide-image\" src=\"https:\/\/i0.wp.com\/ndt.pt\/construcoes\/wp-content\/uploads\/2023\/09\/escada-8-mod0.jpg?resize=601%2C520&amp;ssl=1\" alt=\"escada-8-mod0\" \/><\/figure><\/div><div class=\"swiper-slide\" role=\"group\" aria-roledescription=\"slide\" aria-label=\"3 of 9\"><figure class=\"swiper-slide-inner\"><img decoding=\"async\" class=\"swiper-slide-image\" src=\"https:\/\/i0.wp.com\/ndt.pt\/construcoes\/wp-content\/uploads\/2023\/09\/painel-sandwich-scaled.jpg?resize=601%2C520&amp;ssl=1\" alt=\"DCIM100MEDIADJI_0002.JPG\" \/><\/figure><\/div><div class=\"swiper-slide\" role=\"group\" aria-roledescription=\"slide\" aria-label=\"4 of 9\"><figure class=\"swiper-slide-inner\"><img decoding=\"async\" class=\"swiper-slide-image\" src=\"https:\/\/i0.wp.com\/ndt.pt\/construcoes\/wp-content\/uploads\/2023\/09\/substituicao-chapa-lacada-scaled.jpg?resize=601%2C520&amp;ssl=1\" alt=\"DCIM100MEDIADJI_0002.JPG\" \/><\/figure><\/div><div class=\"swiper-slide\" role=\"group\" aria-roledescription=\"slide\" aria-label=\"5 of 9\"><figure class=\"swiper-slide-inner\"><img decoding=\"async\" class=\"swiper-slide-image\" src=\"https:\/\/i0.wp.com\/ndt.pt\/construcoes\/wp-content\/uploads\/2023\/09\/23_01_2023-02-28_Exterior-Night-Closeup.jpg?resize=601%2C520&amp;ssl=1\" alt=\"23_01_2023 02 28_Exterior - Night Closeup\" \/><\/figure><\/div><div class=\"swiper-slide\" role=\"group\" aria-roledescription=\"slide\" aria-label=\"6 of 9\"><figure class=\"swiper-slide-inner\"><img decoding=\"async\" class=\"swiper-slide-image\" src=\"https:\/\/i0.wp.com\/ndt.pt\/construcoes\/wp-content\/uploads\/2023\/09\/chamine-saia-pavigres-4.jpg?resize=601%2C520&amp;ssl=1\" alt=\"DCIM100MEDIADJI_0033.JPG\" \/><\/figure><\/div><div class=\"swiper-slide\" role=\"group\" aria-roledescription=\"slide\" aria-label=\"7 of 9\"><figure class=\"swiper-slide-inner\"><img decoding=\"async\" class=\"swiper-slide-image\" src=\"https:\/\/i0.wp.com\/ndt.pt\/construcoes\/wp-content\/uploads\/2023\/09\/Escadas-2.jpg?resize=601%2C520&amp;ssl=1\" alt=\"Escadas-2\" \/><\/figure><\/div><div class=\"swiper-slide\" role=\"group\" aria-roledescription=\"slide\" aria-label=\"8 of 9\"><figure class=\"swiper-slide-inner\"><img decoding=\"async\" class=\"swiper-slide-image\" src=\"https:\/\/i0.wp.com\/ndt.pt\/construcoes\/wp-content\/uploads\/2023\/09\/fachada-GRESART-1-scaled.jpg?resize=601%2C520&amp;ssl=1\" alt=\"DCIM100MEDIADJI_0003.JPG\" \/><\/figure><\/div><div class=\"swiper-slide\" role=\"group\" aria-roledescription=\"slide\" aria-label=\"9 of 9\"><figure class=\"swiper-slide-inner\"><img decoding=\"async\" class=\"swiper-slide-image\" src=\"https:\/\/i0.wp.com\/ndt.pt\/construcoes\/wp-content\/uploads\/2023\/09\/NDT-Scene-6.jpg?resize=601%2C520&amp;ssl=1\" alt=\"NDT Scene 6\" \/><\/figure><\/div>\t\t\t<\/div>\n\t\t\t\t\t\t\t\t\t\t\t\t<div class=\"elementor-swiper-button elementor-swiper-button-prev\" role=\"button\" tabindex=\"0\">\n\t\t\t\t\t\t<i aria-hidden=\"true\" class=\"eicon-chevron-left\"><\/i>\t\t\t\t\t<\/div>\n\t\t\t\t\t<div class=\"elementor-swiper-button elementor-swiper-button-next\" role=\"button\" tabindex=\"0\">\n\t\t\t\t\t\t<i aria-hidden=\"true\" class=\"eicon-chevron-right\"><\/i>\t\t\t\t\t<\/div>\n\t\t\t\t\n\t\t\t\t\t\t\t\t\t<\/div>\n\t\t\t\t\t\t<\/div>\n\t\t\t\t<\/div>\n\t\t\t\t\t<\/div>\n\t\t<\/div>\n\t\t\t\t\t<\/div>\n\t\t<\/section>\n\t\t\t\t\t<\/div>\n\t\t<\/div>\n\t\t\t\t\t<\/div>\n\t\t<\/section>\n\t\t\t\t<section class=\"elementor-section elementor-top-section elementor-element elementor-element-95424ba ot-traditional elementor-section-boxed elementor-section-height-default elementor-section-height-default\" data-id=\"95424ba\" data-element_type=\"section\" data-e-type=\"section\">\n\t\t\t\t\t\t<div class=\"elementor-container elementor-column-gap-default\">\n\t\t\t\t\t<div class=\"elementor-column elementor-col-100 elementor-top-column elementor-element elementor-element-9684c8a ot-flex-column-vertical\" data-id=\"9684c8a\" data-element_type=\"column\" data-e-type=\"column\">\n\t\t\t<div class=\"elementor-widget-wrap\">\n\t\t\t\t\t\t\t<\/div>\n\t\t<\/div>\n\t\t\t\t\t<\/div>\n\t\t<\/section>\n\t\t\t\t<\/div>\n\t\t","protected":false},"excerpt":{"rendered":"<p>A nossa presen\u00e7a no setor da constru\u00e7\u00e3o 01 Pavilh\u00f5es Constru\u00e7\u00e3o 02 Habita\u00e7\u00f5es Design e constru\u00e7\u00e3o 03 Constru\u00e7\u00e3o met\u00e1lica Concep\u00e7\u00e3o e aplica\u00e7\u00e3o A nossa fun\u00e7\u00e3o Oferecemos servi\u00e7os personalizados de constru\u00e7\u00e3o met\u00e1lica e civil, incluindo a fabrica\u00e7\u00e3o de estruturas de a\u00e7o, corrim\u00e3os, cercas e outros componentes de metal para projetos de constru\u00e7\u00e3o. + Clientes + Trabalhos + [&hellip;]<\/p>\n","protected":false},"author":2,"featured_media":0,"parent":6214,"menu_order":0,"comment_status":"closed","ping_status":"closed","template":"","meta":{"footnotes":""},"class_list":["post-5878","page","type-page","status-publish","hentry"],"jetpack_sharing_enabled":true,"_links":{"self":[{"href":"https:\/\/ndt.pt\/construcoes\/wp-json\/wp\/v2\/pages\/5878","targetHints":{"allow":["GET"]}}],"collection":[{"href":"https:\/\/ndt.pt\/construcoes\/wp-json\/wp\/v2\/pages"}],"about":[{"href":"https:\/\/ndt.pt\/construcoes\/wp-json\/wp\/v2\/types\/page"}],"author":[{"embeddable":true,"href":"https:\/\/ndt.pt\/construcoes\/wp-json\/wp\/v2\/users\/2"}],"replies":[{"embeddable":true,"href":"https:\/\/ndt.pt\/construcoes\/wp-json\/wp\/v2\/comments?post=5878"}],"version-history":[{"count":26,"href":"https:\/\/ndt.pt\/construcoes\/wp-json\/wp\/v2\/pages\/5878\/revisions"}],"predecessor-version":[{"id":6207,"href":"https:\/\/ndt.pt\/construcoes\/wp-json\/wp\/v2\/pages\/5878\/revisions\/6207"}],"up":[{"embeddable":true,"href":"https:\/\/ndt.pt\/construcoes\/wp-json\/wp\/v2\/pages\/6214"}],"wp:attachment":[{"href":"https:\/\/ndt.pt\/construcoes\/wp-json\/wp\/v2\/media?parent=5878"}],"curies":[{"name":"wp","href":"https:\/\/api.w.org\/{rel}","templated":true}]}}