{"id":5882,"date":"2023-09-19T10:26:12","date_gmt":"2023-09-19T10:26:12","guid":{"rendered":"https:\/\/ndt.pt\/construcoes\/?page_id=5882"},"modified":"2023-09-29T10:11:16","modified_gmt":"2023-09-29T10:11:16","slug":"renovacao-e-remodelacao","status":"publish","type":"page","link":"https:\/\/ndt.pt\/construcoes\/servicos\/renovacao-e-remodelacao\/","title":{"rendered":"Renova\u00e7\u00e3o e remodela\u00e7\u00e3o"},"content":{"rendered":"","protected":false},"excerpt":{"rendered":"","protected":false},"author":2,"featured_media":0,"parent":6214,"menu_order":0,"comment_status":"closed","ping_status":"closed","template":"","meta":{"footnotes":""},"class_list":["post-5882","page","type-page","status-publish","hentry"],"jetpack_sharing_enabled":true,"_links":{"self":[{"href":"https:\/\/ndt.pt\/construcoes\/wp-json\/wp\/v2\/pages\/5882","targetHints":{"allow":["GET"]}}],"collection":[{"href":"https:\/\/ndt.pt\/construcoes\/wp-json\/wp\/v2\/pages"}],"about":[{"href":"https:\/\/ndt.pt\/construcoes\/wp-json\/wp\/v2\/types\/page"}],"author":[{"embeddable":true,"href":"https:\/\/ndt.pt\/construcoes\/wp-json\/wp\/v2\/users\/2"}],"replies":[{"embeddable":true,"href":"https:\/\/ndt.pt\/construcoes\/wp-json\/wp\/v2\/comments?post=5882"}],"version-history":[{"count":1,"href":"https:\/\/ndt.pt\/construcoes\/wp-json\/wp\/v2\/pages\/5882\/revisions"}],"predecessor-version":[{"id":5883,"href":"https:\/\/ndt.pt\/construcoes\/wp-json\/wp\/v2\/pages\/5882\/revisions\/5883"}],"up":[{"embeddable":true,"href":"https:\/\/ndt.pt\/construcoes\/wp-json\/wp\/v2\/pages\/6214"}],"wp:attachment":[{"href":"https:\/\/ndt.pt\/construcoes\/wp-json\/wp\/v2\/media?parent=5882"}],"curies":[{"name":"wp","href":"https:\/\/api.w.org\/{rel}","templated":true}]}}