{"id":2652,"date":"2020-03-13T07:19:21","date_gmt":"2020-03-13T07:19:21","guid":{"rendered":"http:\/\/wpdemo.archiwp.com\/engitech\/?post_type=product&#038;p=2652"},"modified":"2024-04-01T08:16:09","modified_gmt":"2024-04-01T08:16:09","slug":"smart-toilet","status":"publish","type":"product","link":"https:\/\/ndt.pt\/construcoes\/produto\/smart-toilet\/","title":{"rendered":"Sanita inteligente"},"content":{"rendered":"<ul>\n<li><strong>Press\u00e3o de \u00c1gua: <\/strong>0.15~0.75 Kg<\/li>\n<li><strong>Consumo de \u00c1gua: <\/strong>&lt;5L (consumo direto do abastecimento de \u00e1gua)<\/li>\n<li><strong>Pot\u00eancia: <\/strong>1000W<\/li>\n<li><strong>Carater\u00edsticas de Instala\u00e7\u00e3o: <\/strong>O furo para a canaliza\u00e7\u00e3o dever\u00e1 ter 90mm de di\u00e2metro; A medida da parede ao centro do furo deve ter entre : 300mm(Min)\u00a0 \u2013 400mm (Max)<\/li>\n<li><strong>Carater\u00edsticas Principais: <\/strong>Limpezas \u00edntimas autom\u00e1ticas (com temperatura de \u00e1gua regul\u00e1vel); Aquecedor de ar quente; Assento aquecido; Comando de controlo lateral incorporado e comando de controlo remoto<\/li>\n<\/ul>\n<p>&nbsp;<\/p>\n<p><iframe title=\"Smart Toilet\" width=\"500\" height=\"281\" src=\"https:\/\/www.youtube.com\/embed\/st3HJp3WQFg?feature=oembed\" frameborder=\"0\" allow=\"accelerometer; autoplay; clipboard-write; encrypted-media; gyroscope; picture-in-picture; web-share\" referrerpolicy=\"strict-origin-when-cross-origin\" allowfullscreen><\/iframe><\/p>\n","protected":false},"excerpt":{"rendered":"<p>&#8211; Desenvolvida para todo o tipo de utilizadores, adaptando-se particularmente a <strong>pessoas com mobilidade reduzida. <\/strong><\/p>\n<p>&#8211; <strong>Reduz cheiros, desconfortos e res\u00edduos<\/strong>, proporcionando autonomia, limpeza e agilidade no momento de utiliza\u00e7\u00e3o do WC.<\/p>\n<p><strong>&#8211; Higiene pessoal completa, sem esfor\u00e7o, assegurando um conforto e cuidado total<\/strong>, atrav\u00e9s de uma limpeza muito mais eficaz, completa e suave em compara\u00e7\u00e3o com a utiliza\u00e7\u00e3o do papel higi\u00e9nico.<\/p>\n<p><strong>&#8211; Design simples, programas intuitivos<\/strong>: jatos de \u00e1gua que asseguram uma limpeza completa<\/p>\n<p><strong><span style=\"color: #000000;\">PRE\u00c7O:<\/span>\u00a0<\/strong>Sob consulta<\/p>\n<p>&nbsp;<\/p>\n<p>&nbsp;<\/p>\n<p>Ficha t\u00e9cnica do produto:\u00a0<a href=\"https:\/\/ndt.pt\/construcoes\/wp-content\/uploads\/2023\/05\/Especificacoes-gerais-sanita-inteligente.pdf\" target=\"_blank\" rel=\"noopener\">Especifica\u00e7\u00f5es Gerais Sanita Inteligente<\/a><\/p>\n","protected":false},"featured_media":5227,"template":"","meta":[],"product_brand":[],"product_cat":[57],"product_tag":[59,61,60],"class_list":{"0":"post-2652","1":"product","2":"type-product","3":"status-publish","4":"has-post-thumbnail","6":"product_cat-sanitas-inteligentes","7":"product_tag-inovacao","8":"product_tag-inteligentes","9":"product_tag-sanitas","11":"first","12":"instock","13":"shipping-taxable","14":"product-type-simple"},"jetpack_sharing_enabled":true,"_links":{"self":[{"href":"https:\/\/ndt.pt\/construcoes\/wp-json\/wp\/v2\/product\/2652","targetHints":{"allow":["GET"]}}],"collection":[{"href":"https:\/\/ndt.pt\/construcoes\/wp-json\/wp\/v2\/product"}],"about":[{"href":"https:\/\/ndt.pt\/construcoes\/wp-json\/wp\/v2\/types\/product"}],"wp:featuredmedia":[{"embeddable":true,"href":"https:\/\/ndt.pt\/construcoes\/wp-json\/wp\/v2\/media\/5227"}],"wp:attachment":[{"href":"https:\/\/ndt.pt\/construcoes\/wp-json\/wp\/v2\/media?parent=2652"}],"wp:term":[{"taxonomy":"product_brand","embeddable":true,"href":"https:\/\/ndt.pt\/construcoes\/wp-json\/wp\/v2\/product_brand?post=2652"},{"taxonomy":"product_cat","embeddable":true,"href":"https:\/\/ndt.pt\/construcoes\/wp-json\/wp\/v2\/product_cat?post=2652"},{"taxonomy":"product_tag","embeddable":true,"href":"https:\/\/ndt.pt\/construcoes\/wp-json\/wp\/v2\/product_tag?post=2652"}],"curies":[{"name":"wp","href":"https:\/\/api.w.org\/{rel}","templated":true}]}}