{"id":5245,"date":"2023-05-06T14:10:58","date_gmt":"2023-05-06T14:10:58","guid":{"rendered":"https:\/\/ndt.pt\/construcoes\/?post_type=product&#038;p=5245"},"modified":"2023-07-06T15:09:08","modified_gmt":"2023-07-06T15:09:08","slug":"tampo-inteligente-360","status":"publish","type":"product","link":"https:\/\/ndt.pt\/construcoes\/produto\/tampo-inteligente-360\/","title":{"rendered":"Tampo inteligente 360"},"content":{"rendered":"<ul>\n<li><strong>Press\u00e3o de \u00c1gua: <\/strong>Ajust\u00e1vel<\/li>\n<li><strong>Temperatura da \u00c1gua: <\/strong>Ajust\u00e1vel<\/li>\n<li><strong>Temperatura do Ar: <\/strong>Ajust\u00e1vel<\/li>\n<li><strong>Volume do fluxo do Ar: <\/strong>Ajust\u00e1vel<\/li>\n<li><strong>Carater\u00edsticas de Instala\u00e7\u00e3o: <\/strong>Instala\u00e7\u00e3o F\u00e1cil \u2013 Produto pronto para instala\u00e7\u00e3o na sanita<\/li>\n<li><strong>Carater\u00edsticas Principais: <\/strong>Limpezas \u00edntimas autom\u00e1ticas; Assento aquecido; Prote\u00e7\u00e3o para crian\u00e7as; Secador de ar quente; Fun\u00e7\u00e3o ECO; Purificador de ar autom\u00e1tico; Luz noturna; Comando de controlo lateral incorporado<\/li>\n<\/ul>\n","protected":false},"excerpt":{"rendered":"<p><strong>&#8211; Inova\u00e7\u00e3o para o seu banheiro:<\/strong> Os tampos inteligentes trazem a mais recente inova\u00e7\u00e3o em higiene pessoal para a sua casa-de-banho. Combinando um design elegante e funcionalidades avan\u00e7adas, estes produtos s\u00e3o uma alternativa moderna e conveniente ao bid\u00e9 tradicional.<\/p>\n<p><strong>&#8211; F\u00e1cil instala\u00e7\u00e3o e compatibilidade:<\/strong> Projetado para se adaptar facilmente \u00e0 sanita j\u00e1 instalada, tornando a atualiza\u00e7\u00e3o da casa-de-banho r\u00e1pida e sem necessidade de altera\u00e7\u00f5es estruturais.<\/p>\n<p><strong>&#8211; Higiene avan\u00e7ada:<\/strong> Oferece uma higiene \u00edntima aprimorada. Com um suave e agrad\u00e1vel jato de \u00e1gua, proporciona uma limpeza abrangente das partes \u00edntimas, garantindo uma sensa\u00e7\u00e3o de frescura e limpeza.<\/p>\n<p><strong>&#8211; Personaliza\u00e7\u00e3o para o m\u00e1ximo conforto:<\/strong> Cada pessoa \u00e9 \u00fanica, e \u00e9 por isso que este tampo inteligente pode ser adaptado \u00e0s prefer\u00eancias e necessidades individuais. Com controlos ajust\u00e1veis de temperatura e press\u00e3o da \u00e1gua, pode personalizar a sua experi\u00eancia de limpeza para obter o m\u00e1ximo conforto.<\/p>\n<p><strong>&#8211; Sustentabilidade e economia de recursos:<\/strong> Contribui\u00e7\u00e3o para a sustentabilidade ambiental. Com a utiliza\u00e7\u00e3o do jato de \u00e1gua para a higiene pessoal, reduzir\u00e1 o consumo de papel higi\u00eanico, ajudando a preservar os recursos naturais e reduzindo o desperd\u00edcio.<\/p>\n<p><strong>&#8211; Conforto e bem-estar:<\/strong> Oferecendo um cuidado pessoal avan\u00e7ado, o tampo inteligente proporciona uma experi\u00eancia de limpeza suave e eficaz. Ao adicionar este produto \u00e0 sua casa-de-banho, estar\u00e1 a investir no seu conforto, bem-estar e qualidade de vida.<\/p>\n<p>&nbsp;<\/p>\n<p>&nbsp;<\/p>\n<p><strong><span style=\"color: #000000;\">PRE\u00c7O:\u00a0<\/span><\/strong><span style=\"color: #000000;\">Sob consulta<\/span><\/p>\n<p>Ficha t\u00e9cnica do produto:\u00a0<a href=\"https:\/\/ndt.pt\/construcoes\/wp-content\/uploads\/2023\/05\/Especificacoes-gerais-tampo_360.pdf\">Especifica\u00e7\u00f5es Gerais Tampo Inteligente<\/a><\/p>\n","protected":false},"featured_media":5523,"template":"","meta":[],"product_brand":[],"product_cat":[65],"product_tag":[59,61,68,60,66],"class_list":{"0":"post-5245","1":"product","2":"type-product","3":"status-publish","4":"has-post-thumbnail","6":"product_cat-tampos-inteligentes","7":"product_tag-inovacao","8":"product_tag-inteligentes","9":"product_tag-sanitarios","10":"product_tag-sanitas","11":"product_tag-tampos","13":"first","14":"instock","15":"downloadable","16":"shipping-taxable","17":"product-type-simple"},"jetpack_sharing_enabled":true,"_links":{"self":[{"href":"https:\/\/ndt.pt\/construcoes\/wp-json\/wp\/v2\/product\/5245","targetHints":{"allow":["GET"]}}],"collection":[{"href":"https:\/\/ndt.pt\/construcoes\/wp-json\/wp\/v2\/product"}],"about":[{"href":"https:\/\/ndt.pt\/construcoes\/wp-json\/wp\/v2\/types\/product"}],"wp:featuredmedia":[{"embeddable":true,"href":"https:\/\/ndt.pt\/construcoes\/wp-json\/wp\/v2\/media\/5523"}],"wp:attachment":[{"href":"https:\/\/ndt.pt\/construcoes\/wp-json\/wp\/v2\/media?parent=5245"}],"wp:term":[{"taxonomy":"product_brand","embeddable":true,"href":"https:\/\/ndt.pt\/construcoes\/wp-json\/wp\/v2\/product_brand?post=5245"},{"taxonomy":"product_cat","embeddable":true,"href":"https:\/\/ndt.pt\/construcoes\/wp-json\/wp\/v2\/product_cat?post=5245"},{"taxonomy":"product_tag","embeddable":true,"href":"https:\/\/ndt.pt\/construcoes\/wp-json\/wp\/v2\/product_tag?post=5245"}],"curies":[{"name":"wp","href":"https:\/\/api.w.org\/{rel}","templated":true}]}}