{"id":5278,"date":"2023-05-06T16:03:08","date_gmt":"2023-05-06T16:03:08","guid":{"rendered":"https:\/\/ndt.pt\/construcoes\/?post_type=product&#038;p=5278"},"modified":"2023-07-07T09:52:57","modified_gmt":"2023-07-07T09:52:57","slug":"piscina-spa-fitness-eco","status":"publish","type":"product","link":"https:\/\/ndt.pt\/construcoes\/produto\/piscina-spa-fitness-eco\/","title":{"rendered":"Piscina Spa Fitness ECO"},"content":{"rendered":"<ul>\n<li><strong>Capacidade (pessoas): <\/strong>5 Pessoas<\/li>\n<li><strong>Peso: <\/strong>1500Kg<\/li>\n<li><strong>Capacidade (litros): <\/strong>9600L<\/li>\n<li><strong>Instala\u00e7\u00e3o: <\/strong>230V- 50Hz<\/li>\n<li><strong>Pot\u00eancia: <\/strong>5500W<\/li>\n<li><strong>Almofadas: <\/strong>5<\/li>\n<li><strong>Computador\/Sistema de controlo: <\/strong>2x Gecko ye3 com k300\/Balboa GS501Z<\/li>\n<li><strong>Material: <\/strong>Acr\u00edlico (USA Aristech)<\/li>\n<li><strong>Total de jatos (a\u00e7o inoxid\u00e1vel): <\/strong>59 (2x Jatos de hidroterapia (5\u201d) \/ 10x Jatos rotativos (3,5\u201d) \/ 11x Jatos de hidroterapia (3,5\u201d) \/ 33x Jatos de hidroterapia (2\u201d) \/ 2x Jatos de nata\u00e7\u00e3o (5\u201d) \/ 1x Jatos de ondula\u00e7\u00e3o (5\u201d))<\/li>\n<li><strong>Cascata com luzes a LED: <\/strong>1<\/li>\n<li><strong>Fonte (com arco-\u00edris de luz a LED): <\/strong>3<\/li>\n<li><strong>Luzes LED: <\/strong>77 (2\u2033 \u2013 75 \/ 5\u2033 \u2013 2)<\/li>\n<\/ul>\n","protected":false},"excerpt":{"rendered":"<p><strong>&#8211; Uma experi\u00eancia completa de relaxamento e exerc\u00edcio: <\/strong>A piscina spa fitness oferece o melhor dos dois mundos: a combina\u00e7\u00e3o perfeita de um spa e uma piscina. Desfrute de momentos de relaxamento e cuidado pessoal, ao mesmo tempo em que se exercita e pratica atividades aqu\u00e1ticas.<\/p>\n<p><strong>&#8211; Nade contra a corrente:<\/strong> Projetadas para atender \u00e0s necessidades dos entusiastas da nata\u00e7\u00e3o, nossas piscinas spa fitness permitem que voc\u00ea nade contra a corrente. Desafie-se e melhore sua resist\u00eancia, sem a necessidade de ter uma piscina ol\u00edmpica em casa. Ajuste a intensidade da corrente de acordo com o seu n\u00edvel de habilidade e desfrute de um treino aqu\u00e1tico completo.<\/p>\n<p><strong>&#8211; Aquafitness e mais:<\/strong> Al\u00e9m da nata\u00e7\u00e3o tradicional, a piscina spa fitness s\u00e3o perfeitas para a pr\u00e1tica de diversas disciplinas de Aquafitness. Realize exerc\u00edcios de baixo impacto, como hidrogin\u00e1stica, aqua yoga, aqua pilates e muito mais. Aproveite os benef\u00edcios da \u00e1gua para fortalecer seu corpo, melhorar a flexibilidade e aumentar sua resist\u00eancia cardiovascular.<\/p>\n<p><strong>&#8211; \u00c1rea de spa relaxante:<\/strong> Projetada para oferecer uma experi\u00eancia de spa completa, esta piscina possui um espa\u00e7o dedicado ao relaxamento. Desfrute de um excelente redemoinho que proporciona uma massagem revigorante. Com uma espregui\u00e7adeira e quatro lugares sentados, pode aliviar a tens\u00e3o muscular e desfrutar de um momento de tranquilidade no conforto da sua pr\u00f3pria piscina.<\/p>\n<p><strong>&#8211; Design inteligente e personaliz\u00e1vel:<\/strong> As piscinas spa fitness s\u00e3o projetadas com foco no conforto e na est\u00e9tica. O seu design inteligente permite uma instala\u00e7\u00e3o f\u00e1cil e adapta\u00e7\u00e3o \u00e0s suas prefer\u00eancias. Escolha entre diferentes tamanhos, acabamentos e op\u00e7\u00f5es de personaliza\u00e7\u00e3o.<\/p>\n<p>&nbsp;<\/p>\n<p>&nbsp;<\/p>\n<p><strong><span style=\"color: #000000;\">PRE\u00c7O:<\/span><\/strong> Sob consulta<\/p>\n<p><strong><span style=\"color: #000000;\">Ficha t\u00e9cnica do produto:<\/span><\/strong>\u00a0<a href=\"https:\/\/ndt.pt\/construcoes\/wp-content\/uploads\/2023\/07\/Piscina-Spa-Fitness-ECO-Especificacoes.pdf\" target=\"_blank\" rel=\"noopener\">Especifica\u00e7\u00f5es Gerais Piscina Spa Fitness ECO<\/a><\/p>\n","protected":false},"featured_media":5547,"template":"","meta":[],"product_brand":[],"product_cat":[58],"product_tag":[69,59,63,67],"class_list":{"0":"post-5278","1":"product","2":"type-product","3":"status-publish","4":"has-post-thumbnail","6":"product_cat-spa","7":"product_tag-fitness","8":"product_tag-inovacao","9":"product_tag-piscina","10":"product_tag-tecnologia","12":"first","13":"instock","14":"shipping-taxable","15":"product-type-simple"},"jetpack_sharing_enabled":true,"_links":{"self":[{"href":"https:\/\/ndt.pt\/construcoes\/wp-json\/wp\/v2\/product\/5278","targetHints":{"allow":["GET"]}}],"collection":[{"href":"https:\/\/ndt.pt\/construcoes\/wp-json\/wp\/v2\/product"}],"about":[{"href":"https:\/\/ndt.pt\/construcoes\/wp-json\/wp\/v2\/types\/product"}],"wp:featuredmedia":[{"embeddable":true,"href":"https:\/\/ndt.pt\/construcoes\/wp-json\/wp\/v2\/media\/5547"}],"wp:attachment":[{"href":"https:\/\/ndt.pt\/construcoes\/wp-json\/wp\/v2\/media?parent=5278"}],"wp:term":[{"taxonomy":"product_brand","embeddable":true,"href":"https:\/\/ndt.pt\/construcoes\/wp-json\/wp\/v2\/product_brand?post=5278"},{"taxonomy":"product_cat","embeddable":true,"href":"https:\/\/ndt.pt\/construcoes\/wp-json\/wp\/v2\/product_cat?post=5278"},{"taxonomy":"product_tag","embeddable":true,"href":"https:\/\/ndt.pt\/construcoes\/wp-json\/wp\/v2\/product_tag?post=5278"}],"curies":[{"name":"wp","href":"https:\/\/api.w.org\/{rel}","templated":true}]}}