{"id":5280,"date":"2023-05-06T18:07:37","date_gmt":"2023-05-06T18:07:37","guid":{"rendered":"https:\/\/ndt.pt\/construcoes\/?post_type=product&#038;p=5280"},"modified":"2023-07-07T10:19:21","modified_gmt":"2023-07-07T10:19:21","slug":"spa-hidromassagem-jcs-23","status":"publish","type":"product","link":"https:\/\/ndt.pt\/construcoes\/produto\/spa-hidromassagem-jcs-23\/","title":{"rendered":"Spa Hidromassagem JCS-23"},"content":{"rendered":"<ul>\n<li><strong>Capacidade (pessoas): <\/strong>2-3 Pessoas<\/li>\n<li><strong>Peso: <\/strong>260Kg<\/li>\n<li><strong>Instala\u00e7\u00e3o: <\/strong>230V- 50Hz<\/li>\n<li><strong>Pot\u00eancia: <\/strong>5650W (Bomba de hidromassagem 1x 2HP \/ Bomba de hidromassagem 1x 1HP \/ Bomba de ar 1x 400W \/ Aquecedor 1x 3KW)<\/li>\n<li><strong>Almofadas: <\/strong>2<\/li>\n<li><strong>Material: <\/strong>Acr\u00edlico (USA Aristech)<\/li>\n<li><strong>Total de jatos (a\u00e7o inoxid\u00e1vel): <\/strong>27 (1x Jatos de \u00e1gua (3,5\u201d) \/ 10x Jatos de \u00e1gua (2\u201d) \/ 12x Jatos de hidroterapia (2,5\u201d) \/ 4x Jatos de ar)<\/li>\n<li><strong>Fonte (com luz a LED \u2013 7cores): <\/strong>2<\/li>\n<li><strong>Luzes LED (7cores): <\/strong>18 (2\u2033 \u2013 17 \/ 5\u2033 \u2013 1)<\/li>\n<\/ul>\n","protected":false},"excerpt":{"rendered":"<p>Descubra o luxo e o relaxamento dos spa&#8217;s de hidromassagem que temos para lhe proporcionar momentos de pura tranquilidade e rejuvenescimento, oferecendo uma experi\u00eancia de hidroterapia incompar\u00e1vel.<\/p>\n<p>Relaxe os seus m\u00fasculos, alivie o stress, e deixe as preocupa\u00e7\u00f5es do dia a dia desaparecerem enquanto desfruta das poderosas massagens dos nossos spa&#8217;s de hidromassagem. Com jatos estrategicamente posicionados e ajust\u00e1veis, voc\u00ea pode personalizar a intensidade e o foco da massagem de acordo com suas prefer\u00eancias individuais.<\/p>\n<p>Constru\u00eddos com um design elegante e recursos avan\u00e7ados, eles tornam-se o ponto central perfeito para qualquer ambiente, seja ao ar livre ou dentro de casa.<\/p>\n<p>Aproveite momentos de paz e rejuvenescimento com a fam\u00edlia e\/ou amigos, ou mime-se com um momento relaxante a s\u00f3s. Estes spa&#8217;s de hidromassagem s\u00e3o projetados para atender \u00e0s suas necessidades de conforto e bem-estar.<\/p>\n<p>&nbsp;<\/p>\n<p><strong><span style=\"color: #000000;\">PRE\u00c7O:<\/span><\/strong> Sob consulta<\/p>\n<p><strong><span style=\"color: #000000;\">Ficha t\u00e9cnica do produto:<\/span><\/strong>\u00a0<a href=\"https:\/\/ndt.pt\/construcoes\/wp-content\/uploads\/2023\/07\/Spa-Hidromassagem-JCS-23.pdf\" target=\"_blank\" rel=\"noopener\">Especifica\u00e7\u00f5es Gerais Spa Hidromassagem<\/a><\/p>\n","protected":false},"featured_media":5568,"template":"","meta":[],"product_brand":[],"product_cat":[58],"product_tag":[64,59,61,62,67],"class_list":{"0":"post-5280","1":"product","2":"type-product","3":"status-publish","4":"has-post-thumbnail","6":"product_cat-spa","7":"product_tag-hidromassagem","8":"product_tag-inovacao","9":"product_tag-inteligentes","10":"product_tag-spa","11":"product_tag-tecnologia","13":"first","14":"instock","15":"shipping-taxable","16":"product-type-simple"},"jetpack_sharing_enabled":true,"_links":{"self":[{"href":"https:\/\/ndt.pt\/construcoes\/wp-json\/wp\/v2\/product\/5280","targetHints":{"allow":["GET"]}}],"collection":[{"href":"https:\/\/ndt.pt\/construcoes\/wp-json\/wp\/v2\/product"}],"about":[{"href":"https:\/\/ndt.pt\/construcoes\/wp-json\/wp\/v2\/types\/product"}],"wp:featuredmedia":[{"embeddable":true,"href":"https:\/\/ndt.pt\/construcoes\/wp-json\/wp\/v2\/media\/5568"}],"wp:attachment":[{"href":"https:\/\/ndt.pt\/construcoes\/wp-json\/wp\/v2\/media?parent=5280"}],"wp:term":[{"taxonomy":"product_brand","embeddable":true,"href":"https:\/\/ndt.pt\/construcoes\/wp-json\/wp\/v2\/product_brand?post=5280"},{"taxonomy":"product_cat","embeddable":true,"href":"https:\/\/ndt.pt\/construcoes\/wp-json\/wp\/v2\/product_cat?post=5280"},{"taxonomy":"product_tag","embeddable":true,"href":"https:\/\/ndt.pt\/construcoes\/wp-json\/wp\/v2\/product_tag?post=5280"}],"curies":[{"name":"wp","href":"https:\/\/api.w.org\/{rel}","templated":true}]}}