{"id":6277,"date":"2023-12-15T17:23:59","date_gmt":"2023-12-15T17:23:59","guid":{"rendered":"https:\/\/ndt.pt\/construcoes\/?post_type=product&#038;p=6277"},"modified":"2023-12-26T08:53:35","modified_gmt":"2023-12-26T08:53:35","slug":"contentores","status":"publish","type":"product","link":"https:\/\/ndt.pt\/construcoes\/produto\/contentores\/","title":{"rendered":"Contentores"},"content":{"rendered":"<p><img data-recalc-dims=\"1\" fetchpriority=\"high\" decoding=\"async\" class=\"alignnone size-medium wp-image-6284\" src=\"https:\/\/i0.wp.com\/ndt.pt\/construcoes\/wp-content\/uploads\/2023\/12\/corte-chapa-1.jpg?resize=300%2C199&#038;ssl=1\" alt=\"\" width=\"300\" height=\"199\" srcset=\"https:\/\/i0.wp.com\/ndt.pt\/construcoes\/wp-content\/uploads\/2023\/12\/corte-chapa-1-scaled.jpg?resize=300%2C199&amp;ssl=1 300w, https:\/\/i0.wp.com\/ndt.pt\/construcoes\/wp-content\/uploads\/2023\/12\/corte-chapa-1-scaled.jpg?resize=1024%2C681&amp;ssl=1 1024w, https:\/\/i0.wp.com\/ndt.pt\/construcoes\/wp-content\/uploads\/2023\/12\/corte-chapa-1-scaled.jpg?resize=768%2C511&amp;ssl=1 768w, https:\/\/i0.wp.com\/ndt.pt\/construcoes\/wp-content\/uploads\/2023\/12\/corte-chapa-1-scaled.jpg?resize=1536%2C1021&amp;ssl=1 1536w, https:\/\/i0.wp.com\/ndt.pt\/construcoes\/wp-content\/uploads\/2023\/12\/corte-chapa-1-scaled.jpg?resize=2048%2C1362&amp;ssl=1 2048w, https:\/\/i0.wp.com\/ndt.pt\/construcoes\/wp-content\/uploads\/2023\/12\/corte-chapa-1-scaled.jpg?resize=720%2C479&amp;ssl=1 720w, https:\/\/i0.wp.com\/ndt.pt\/construcoes\/wp-content\/uploads\/2023\/12\/corte-chapa-1-scaled.jpg?resize=1320%2C878&amp;ssl=1 1320w, https:\/\/i0.wp.com\/ndt.pt\/construcoes\/wp-content\/uploads\/2023\/12\/corte-chapa-1-scaled.jpg?resize=600%2C399&amp;ssl=1 600w\" sizes=\"(max-width: 300px) 100vw, 300px\" \/> <img data-recalc-dims=\"1\" decoding=\"async\" class=\"alignnone size-medium wp-image-6285\" src=\"https:\/\/i0.wp.com\/ndt.pt\/construcoes\/wp-content\/uploads\/2023\/12\/corte-chapa-3.jpg?resize=300%2C199&#038;ssl=1\" alt=\"\" width=\"300\" height=\"199\" srcset=\"https:\/\/i0.wp.com\/ndt.pt\/construcoes\/wp-content\/uploads\/2023\/12\/corte-chapa-3-scaled.jpg?resize=300%2C199&amp;ssl=1 300w, https:\/\/i0.wp.com\/ndt.pt\/construcoes\/wp-content\/uploads\/2023\/12\/corte-chapa-3-scaled.jpg?resize=1024%2C681&amp;ssl=1 1024w, https:\/\/i0.wp.com\/ndt.pt\/construcoes\/wp-content\/uploads\/2023\/12\/corte-chapa-3-scaled.jpg?resize=768%2C511&amp;ssl=1 768w, https:\/\/i0.wp.com\/ndt.pt\/construcoes\/wp-content\/uploads\/2023\/12\/corte-chapa-3-scaled.jpg?resize=1536%2C1021&amp;ssl=1 1536w, https:\/\/i0.wp.com\/ndt.pt\/construcoes\/wp-content\/uploads\/2023\/12\/corte-chapa-3-scaled.jpg?resize=2048%2C1362&amp;ssl=1 2048w, https:\/\/i0.wp.com\/ndt.pt\/construcoes\/wp-content\/uploads\/2023\/12\/corte-chapa-3-scaled.jpg?resize=720%2C479&amp;ssl=1 720w, https:\/\/i0.wp.com\/ndt.pt\/construcoes\/wp-content\/uploads\/2023\/12\/corte-chapa-3-scaled.jpg?resize=1320%2C878&amp;ssl=1 1320w, https:\/\/i0.wp.com\/ndt.pt\/construcoes\/wp-content\/uploads\/2023\/12\/corte-chapa-3-scaled.jpg?resize=600%2C399&amp;ssl=1 600w\" sizes=\"(max-width: 300px) 100vw, 300px\" \/> <img data-recalc-dims=\"1\" decoding=\"async\" class=\"alignnone size-medium wp-image-6286\" src=\"https:\/\/i0.wp.com\/ndt.pt\/construcoes\/wp-content\/uploads\/2023\/12\/quinagem-1.jpg?resize=300%2C199&#038;ssl=1\" alt=\"\" width=\"300\" height=\"199\" srcset=\"https:\/\/i0.wp.com\/ndt.pt\/construcoes\/wp-content\/uploads\/2023\/12\/quinagem-1-scaled.jpg?resize=300%2C199&amp;ssl=1 300w, https:\/\/i0.wp.com\/ndt.pt\/construcoes\/wp-content\/uploads\/2023\/12\/quinagem-1-scaled.jpg?resize=1024%2C681&amp;ssl=1 1024w, https:\/\/i0.wp.com\/ndt.pt\/construcoes\/wp-content\/uploads\/2023\/12\/quinagem-1-scaled.jpg?resize=768%2C511&amp;ssl=1 768w, https:\/\/i0.wp.com\/ndt.pt\/construcoes\/wp-content\/uploads\/2023\/12\/quinagem-1-scaled.jpg?resize=1536%2C1021&amp;ssl=1 1536w, https:\/\/i0.wp.com\/ndt.pt\/construcoes\/wp-content\/uploads\/2023\/12\/quinagem-1-scaled.jpg?resize=2048%2C1362&amp;ssl=1 2048w, https:\/\/i0.wp.com\/ndt.pt\/construcoes\/wp-content\/uploads\/2023\/12\/quinagem-1-scaled.jpg?resize=720%2C479&amp;ssl=1 720w, https:\/\/i0.wp.com\/ndt.pt\/construcoes\/wp-content\/uploads\/2023\/12\/quinagem-1-scaled.jpg?resize=1320%2C878&amp;ssl=1 1320w, https:\/\/i0.wp.com\/ndt.pt\/construcoes\/wp-content\/uploads\/2023\/12\/quinagem-1-scaled.jpg?resize=600%2C399&amp;ssl=1 600w\" sizes=\"(max-width: 300px) 100vw, 300px\" \/><\/p>\n<p><img data-recalc-dims=\"1\" loading=\"lazy\" decoding=\"async\" class=\"alignnone size-medium wp-image-6287\" src=\"https:\/\/i0.wp.com\/ndt.pt\/construcoes\/wp-content\/uploads\/2023\/12\/quinagem-3.jpg?resize=300%2C199&#038;ssl=1\" alt=\"\" width=\"300\" height=\"199\" srcset=\"https:\/\/i0.wp.com\/ndt.pt\/construcoes\/wp-content\/uploads\/2023\/12\/quinagem-3-scaled.jpg?resize=300%2C199&amp;ssl=1 300w, https:\/\/i0.wp.com\/ndt.pt\/construcoes\/wp-content\/uploads\/2023\/12\/quinagem-3-scaled.jpg?resize=1024%2C681&amp;ssl=1 1024w, https:\/\/i0.wp.com\/ndt.pt\/construcoes\/wp-content\/uploads\/2023\/12\/quinagem-3-scaled.jpg?resize=768%2C511&amp;ssl=1 768w, https:\/\/i0.wp.com\/ndt.pt\/construcoes\/wp-content\/uploads\/2023\/12\/quinagem-3-scaled.jpg?resize=1536%2C1021&amp;ssl=1 1536w, https:\/\/i0.wp.com\/ndt.pt\/construcoes\/wp-content\/uploads\/2023\/12\/quinagem-3-scaled.jpg?resize=2048%2C1362&amp;ssl=1 2048w, https:\/\/i0.wp.com\/ndt.pt\/construcoes\/wp-content\/uploads\/2023\/12\/quinagem-3-scaled.jpg?resize=720%2C479&amp;ssl=1 720w, https:\/\/i0.wp.com\/ndt.pt\/construcoes\/wp-content\/uploads\/2023\/12\/quinagem-3-scaled.jpg?resize=1320%2C878&amp;ssl=1 1320w, https:\/\/i0.wp.com\/ndt.pt\/construcoes\/wp-content\/uploads\/2023\/12\/quinagem-3-scaled.jpg?resize=600%2C399&amp;ssl=1 600w\" sizes=\"(max-width: 300px) 100vw, 300px\" \/> <img data-recalc-dims=\"1\" loading=\"lazy\" decoding=\"async\" class=\"size-medium wp-image-6288 alignnone\" src=\"https:\/\/i0.wp.com\/ndt.pt\/construcoes\/wp-content\/uploads\/2023\/12\/contentores-soldar-2.jpg?resize=300%2C199&#038;ssl=1\" alt=\"\" width=\"300\" height=\"199\" srcset=\"https:\/\/i0.wp.com\/ndt.pt\/construcoes\/wp-content\/uploads\/2023\/12\/contentores-soldar-2-scaled.jpg?resize=300%2C199&amp;ssl=1 300w, https:\/\/i0.wp.com\/ndt.pt\/construcoes\/wp-content\/uploads\/2023\/12\/contentores-soldar-2-scaled.jpg?resize=1024%2C681&amp;ssl=1 1024w, https:\/\/i0.wp.com\/ndt.pt\/construcoes\/wp-content\/uploads\/2023\/12\/contentores-soldar-2-scaled.jpg?resize=768%2C511&amp;ssl=1 768w, https:\/\/i0.wp.com\/ndt.pt\/construcoes\/wp-content\/uploads\/2023\/12\/contentores-soldar-2-scaled.jpg?resize=1536%2C1021&amp;ssl=1 1536w, https:\/\/i0.wp.com\/ndt.pt\/construcoes\/wp-content\/uploads\/2023\/12\/contentores-soldar-2-scaled.jpg?resize=2048%2C1362&amp;ssl=1 2048w, https:\/\/i0.wp.com\/ndt.pt\/construcoes\/wp-content\/uploads\/2023\/12\/contentores-soldar-2-scaled.jpg?resize=720%2C479&amp;ssl=1 720w, https:\/\/i0.wp.com\/ndt.pt\/construcoes\/wp-content\/uploads\/2023\/12\/contentores-soldar-2-scaled.jpg?resize=1320%2C878&amp;ssl=1 1320w, https:\/\/i0.wp.com\/ndt.pt\/construcoes\/wp-content\/uploads\/2023\/12\/contentores-soldar-2-scaled.jpg?resize=600%2C399&amp;ssl=1 600w\" sizes=\"(max-width: 300px) 100vw, 300px\" \/> <img data-recalc-dims=\"1\" loading=\"lazy\" decoding=\"async\" class=\"alignnone size-medium wp-image-6289\" src=\"https:\/\/i0.wp.com\/ndt.pt\/construcoes\/wp-content\/uploads\/2023\/12\/contentores-soldar-5.jpg?resize=300%2C199&#038;ssl=1\" alt=\"\" width=\"300\" height=\"199\" srcset=\"https:\/\/i0.wp.com\/ndt.pt\/construcoes\/wp-content\/uploads\/2023\/12\/contentores-soldar-5-scaled.jpg?resize=300%2C199&amp;ssl=1 300w, https:\/\/i0.wp.com\/ndt.pt\/construcoes\/wp-content\/uploads\/2023\/12\/contentores-soldar-5-scaled.jpg?resize=1024%2C681&amp;ssl=1 1024w, https:\/\/i0.wp.com\/ndt.pt\/construcoes\/wp-content\/uploads\/2023\/12\/contentores-soldar-5-scaled.jpg?resize=768%2C511&amp;ssl=1 768w, https:\/\/i0.wp.com\/ndt.pt\/construcoes\/wp-content\/uploads\/2023\/12\/contentores-soldar-5-scaled.jpg?resize=1536%2C1021&amp;ssl=1 1536w, https:\/\/i0.wp.com\/ndt.pt\/construcoes\/wp-content\/uploads\/2023\/12\/contentores-soldar-5-scaled.jpg?resize=2048%2C1362&amp;ssl=1 2048w, https:\/\/i0.wp.com\/ndt.pt\/construcoes\/wp-content\/uploads\/2023\/12\/contentores-soldar-5-scaled.jpg?resize=720%2C479&amp;ssl=1 720w, https:\/\/i0.wp.com\/ndt.pt\/construcoes\/wp-content\/uploads\/2023\/12\/contentores-soldar-5-scaled.jpg?resize=1320%2C878&amp;ssl=1 1320w, https:\/\/i0.wp.com\/ndt.pt\/construcoes\/wp-content\/uploads\/2023\/12\/contentores-soldar-5-scaled.jpg?resize=600%2C399&amp;ssl=1 600w\" sizes=\"(max-width: 300px) 100vw, 300px\" \/><\/p>\n<p><img data-recalc-dims=\"1\" loading=\"lazy\" decoding=\"async\" class=\"alignnone size-medium wp-image-6293\" src=\"https:\/\/i0.wp.com\/ndt.pt\/construcoes\/wp-content\/uploads\/2023\/12\/soldar-1.jpg?resize=300%2C199&#038;ssl=1\" alt=\"\" width=\"300\" height=\"199\" srcset=\"https:\/\/i0.wp.com\/ndt.pt\/construcoes\/wp-content\/uploads\/2023\/12\/soldar-1-scaled.jpg?resize=300%2C199&amp;ssl=1 300w, https:\/\/i0.wp.com\/ndt.pt\/construcoes\/wp-content\/uploads\/2023\/12\/soldar-1-scaled.jpg?resize=1024%2C681&amp;ssl=1 1024w, https:\/\/i0.wp.com\/ndt.pt\/construcoes\/wp-content\/uploads\/2023\/12\/soldar-1-scaled.jpg?resize=768%2C511&amp;ssl=1 768w, https:\/\/i0.wp.com\/ndt.pt\/construcoes\/wp-content\/uploads\/2023\/12\/soldar-1-scaled.jpg?resize=1536%2C1021&amp;ssl=1 1536w, https:\/\/i0.wp.com\/ndt.pt\/construcoes\/wp-content\/uploads\/2023\/12\/soldar-1-scaled.jpg?resize=2048%2C1362&amp;ssl=1 2048w, https:\/\/i0.wp.com\/ndt.pt\/construcoes\/wp-content\/uploads\/2023\/12\/soldar-1-scaled.jpg?resize=720%2C479&amp;ssl=1 720w, https:\/\/i0.wp.com\/ndt.pt\/construcoes\/wp-content\/uploads\/2023\/12\/soldar-1-scaled.jpg?resize=1320%2C878&amp;ssl=1 1320w, https:\/\/i0.wp.com\/ndt.pt\/construcoes\/wp-content\/uploads\/2023\/12\/soldar-1-scaled.jpg?resize=600%2C399&amp;ssl=1 600w\" sizes=\"(max-width: 300px) 100vw, 300px\" \/> <img data-recalc-dims=\"1\" loading=\"lazy\" decoding=\"async\" class=\"alignnone size-medium wp-image-6290\" src=\"https:\/\/i0.wp.com\/ndt.pt\/construcoes\/wp-content\/uploads\/2023\/12\/pintar-3.jpg?resize=300%2C199&#038;ssl=1\" alt=\"\" width=\"300\" height=\"199\" srcset=\"https:\/\/i0.wp.com\/ndt.pt\/construcoes\/wp-content\/uploads\/2023\/12\/pintar-3-scaled.jpg?resize=300%2C199&amp;ssl=1 300w, https:\/\/i0.wp.com\/ndt.pt\/construcoes\/wp-content\/uploads\/2023\/12\/pintar-3-scaled.jpg?resize=1024%2C681&amp;ssl=1 1024w, https:\/\/i0.wp.com\/ndt.pt\/construcoes\/wp-content\/uploads\/2023\/12\/pintar-3-scaled.jpg?resize=768%2C511&amp;ssl=1 768w, https:\/\/i0.wp.com\/ndt.pt\/construcoes\/wp-content\/uploads\/2023\/12\/pintar-3-scaled.jpg?resize=1536%2C1021&amp;ssl=1 1536w, https:\/\/i0.wp.com\/ndt.pt\/construcoes\/wp-content\/uploads\/2023\/12\/pintar-3-scaled.jpg?resize=2048%2C1362&amp;ssl=1 2048w, https:\/\/i0.wp.com\/ndt.pt\/construcoes\/wp-content\/uploads\/2023\/12\/pintar-3-scaled.jpg?resize=720%2C479&amp;ssl=1 720w, https:\/\/i0.wp.com\/ndt.pt\/construcoes\/wp-content\/uploads\/2023\/12\/pintar-3-scaled.jpg?resize=1320%2C878&amp;ssl=1 1320w, https:\/\/i0.wp.com\/ndt.pt\/construcoes\/wp-content\/uploads\/2023\/12\/pintar-3-scaled.jpg?resize=600%2C399&amp;ssl=1 600w\" sizes=\"(max-width: 300px) 100vw, 300px\" \/>\u00a0<img data-recalc-dims=\"1\" loading=\"lazy\" decoding=\"async\" class=\"alignnone size-medium wp-image-6292\" src=\"https:\/\/i0.wp.com\/ndt.pt\/construcoes\/wp-content\/uploads\/2023\/12\/pintura-2.jpg?resize=300%2C199&#038;ssl=1\" alt=\"\" width=\"300\" height=\"199\" srcset=\"https:\/\/i0.wp.com\/ndt.pt\/construcoes\/wp-content\/uploads\/2023\/12\/pintura-2-scaled.jpg?resize=300%2C199&amp;ssl=1 300w, https:\/\/i0.wp.com\/ndt.pt\/construcoes\/wp-content\/uploads\/2023\/12\/pintura-2-scaled.jpg?resize=1024%2C681&amp;ssl=1 1024w, https:\/\/i0.wp.com\/ndt.pt\/construcoes\/wp-content\/uploads\/2023\/12\/pintura-2-scaled.jpg?resize=768%2C511&amp;ssl=1 768w, https:\/\/i0.wp.com\/ndt.pt\/construcoes\/wp-content\/uploads\/2023\/12\/pintura-2-scaled.jpg?resize=1536%2C1021&amp;ssl=1 1536w, https:\/\/i0.wp.com\/ndt.pt\/construcoes\/wp-content\/uploads\/2023\/12\/pintura-2-scaled.jpg?resize=2048%2C1362&amp;ssl=1 2048w, https:\/\/i0.wp.com\/ndt.pt\/construcoes\/wp-content\/uploads\/2023\/12\/pintura-2-scaled.jpg?resize=720%2C479&amp;ssl=1 720w, https:\/\/i0.wp.com\/ndt.pt\/construcoes\/wp-content\/uploads\/2023\/12\/pintura-2-scaled.jpg?resize=1320%2C878&amp;ssl=1 1320w, https:\/\/i0.wp.com\/ndt.pt\/construcoes\/wp-content\/uploads\/2023\/12\/pintura-2-scaled.jpg?resize=600%2C399&amp;ssl=1 600w\" sizes=\"(max-width: 300px) 100vw, 300px\" \/><\/p>\n<p><img data-recalc-dims=\"1\" loading=\"lazy\" decoding=\"async\" class=\"alignnone size-medium wp-image-6291\" src=\"https:\/\/i0.wp.com\/ndt.pt\/construcoes\/wp-content\/uploads\/2023\/12\/pintura-1.jpg?resize=300%2C199&#038;ssl=1\" alt=\"\" width=\"300\" height=\"199\" srcset=\"https:\/\/i0.wp.com\/ndt.pt\/construcoes\/wp-content\/uploads\/2023\/12\/pintura-1-scaled.jpg?resize=300%2C199&amp;ssl=1 300w, https:\/\/i0.wp.com\/ndt.pt\/construcoes\/wp-content\/uploads\/2023\/12\/pintura-1-scaled.jpg?resize=1024%2C681&amp;ssl=1 1024w, https:\/\/i0.wp.com\/ndt.pt\/construcoes\/wp-content\/uploads\/2023\/12\/pintura-1-scaled.jpg?resize=768%2C511&amp;ssl=1 768w, https:\/\/i0.wp.com\/ndt.pt\/construcoes\/wp-content\/uploads\/2023\/12\/pintura-1-scaled.jpg?resize=1536%2C1021&amp;ssl=1 1536w, https:\/\/i0.wp.com\/ndt.pt\/construcoes\/wp-content\/uploads\/2023\/12\/pintura-1-scaled.jpg?resize=2048%2C1362&amp;ssl=1 2048w, https:\/\/i0.wp.com\/ndt.pt\/construcoes\/wp-content\/uploads\/2023\/12\/pintura-1-scaled.jpg?resize=720%2C479&amp;ssl=1 720w, https:\/\/i0.wp.com\/ndt.pt\/construcoes\/wp-content\/uploads\/2023\/12\/pintura-1-scaled.jpg?resize=1320%2C878&amp;ssl=1 1320w, https:\/\/i0.wp.com\/ndt.pt\/construcoes\/wp-content\/uploads\/2023\/12\/pintura-1-scaled.jpg?resize=600%2C399&amp;ssl=1 600w\" sizes=\"(max-width: 300px) 100vw, 300px\" \/><\/p>\n","protected":false},"excerpt":{"rendered":"<p><strong>Contentores Met\u00e1licos Sob Medida para as Suas Necessidades:<\/strong> Os nossos contentores met\u00e1licos s\u00e3o a solu\u00e7\u00e3o personalizada para gest\u00e3o eficiente de res\u00edduos. Cada unidade \u00e9 meticulosamente fabricada para atender \u00e0s especifica\u00e7\u00f5es \u00fanicas do cliente, proporcionando durabilidade e versatilidade. Seja para reciclagem, res\u00edduos especializados ou lixos diversos, oferecemos uma gama abrangente de contentores que combinam funcionalidade inteligente com design robusto.<\/p>\n<p><strong>Gest\u00e3o de Res\u00edduos Sustent\u00e1vel e Confi\u00e1vel:<\/strong> Na vanguarda da inova\u00e7\u00e3o ambiental, os nossos contentores n\u00e3o simplificam apenas a recolha de res\u00edduos, mas tamb\u00e9m promovem pr\u00e1ticas sustent\u00e1veis. Com op\u00e7\u00f5es especializadas para reciclagem e res\u00edduos espec\u00edficos, ajudamos empresas a alcan\u00e7ar efici\u00eancia na gest\u00e3o de res\u00edduos, contribuindo para um futuro mais limpo e respons\u00e1vel. Escolha qualidade personalizada e sustentabilidade com os nossos contentores met\u00e1licos. \u267b\ufe0f\ud83d\udcbc<\/p>\n","protected":false},"featured_media":6279,"template":"","meta":[],"product_brand":[],"product_cat":[103],"product_tag":[104,107,105,106],"class_list":{"0":"post-6277","1":"product","2":"type-product","3":"status-publish","4":"has-post-thumbnail","6":"product_cat-construcao-serralharia","7":"product_tag-contentores","8":"product_tag-contentores-metalicos","9":"product_tag-contentores-reciclagem","10":"product_tag-contentores-residuos","12":"first","13":"instock","14":"shipping-taxable","15":"product-type-simple"},"jetpack_sharing_enabled":true,"_links":{"self":[{"href":"https:\/\/ndt.pt\/construcoes\/wp-json\/wp\/v2\/product\/6277","targetHints":{"allow":["GET"]}}],"collection":[{"href":"https:\/\/ndt.pt\/construcoes\/wp-json\/wp\/v2\/product"}],"about":[{"href":"https:\/\/ndt.pt\/construcoes\/wp-json\/wp\/v2\/types\/product"}],"wp:featuredmedia":[{"embeddable":true,"href":"https:\/\/ndt.pt\/construcoes\/wp-json\/wp\/v2\/media\/6279"}],"wp:attachment":[{"href":"https:\/\/ndt.pt\/construcoes\/wp-json\/wp\/v2\/media?parent=6277"}],"wp:term":[{"taxonomy":"product_brand","embeddable":true,"href":"https:\/\/ndt.pt\/construcoes\/wp-json\/wp\/v2\/product_brand?post=6277"},{"taxonomy":"product_cat","embeddable":true,"href":"https:\/\/ndt.pt\/construcoes\/wp-json\/wp\/v2\/product_cat?post=6277"},{"taxonomy":"product_tag","embeddable":true,"href":"https:\/\/ndt.pt\/construcoes\/wp-json\/wp\/v2\/product_tag?post=6277"}],"curies":[{"name":"wp","href":"https:\/\/api.w.org\/{rel}","templated":true}]}}