{"id":1579,"date":"2020-01-09T04:10:53","date_gmt":"2020-01-09T04:10:53","guid":{"rendered":"http:\/\/wpdemo.archiwp.com\/engitech\/?page_id=1579"},"modified":"2023-07-24T07:37:24","modified_gmt":"2023-07-24T07:37:24","slug":"sobre-nos","status":"publish","type":"page","link":"https:\/\/ndt.pt\/electric\/sobre-nos\/","title":{"rendered":"A NDT &#8211; ELECTRIC"},"content":{"rendered":"\t\t<div data-elementor-type=\"wp-page\" data-elementor-id=\"1579\" class=\"elementor elementor-1579\">\n\t\t\t\t\t\t<section class=\"elementor-section elementor-top-section elementor-element elementor-element-b1b10c9 elementor-section-content-middle ot-traditional elementor-section-boxed elementor-section-height-default elementor-section-height-default\" data-id=\"b1b10c9\" data-element_type=\"section\" data-e-type=\"section\" data-settings=\"{&quot;background_background&quot;:&quot;classic&quot;}\">\n\t\t\t\t\t\t<div class=\"elementor-container elementor-column-gap-extended\">\n\t\t\t\t\t<div class=\"elementor-column elementor-col-50 elementor-top-column elementor-element elementor-element-7e01fe3 ot-flex-column-vertical\" data-id=\"7e01fe3\" data-element_type=\"column\" data-e-type=\"column\">\n\t\t\t<div class=\"elementor-widget-wrap elementor-element-populated\">\n\t\t\t\t\t\t<div class=\"elementor-element elementor-element-402ebb1 elementor-widget__width-initial elementor-widget elementor-widget-iheading\" data-id=\"402ebb1\" data-element_type=\"widget\" data-e-type=\"widget\" data-widget_type=\"iheading.default\">\n\t\t\t\t<div class=\"elementor-widget-container\">\n\t\t\t\t\t\t\t<div class=\"ot-heading\">\r\n\t        \t            <span>\/\/ NDT - Electric<\/span>\r\n\t        <h3 class=\"main-heading\">Desenvolva e Inove com as Tend\u00eancias Tecnol\u00f3gicas<\/h3>\t    <\/div>\r\n\t    \t\t\t\t<\/div>\n\t\t\t\t<\/div>\n\t\t\t\t<div class=\"elementor-element elementor-element-18037c4 elementor-widget elementor-widget-text-editor\" data-id=\"18037c4\" data-element_type=\"widget\" data-e-type=\"widget\" data-widget_type=\"text-editor.default\">\n\t\t\t\t<div class=\"elementor-widget-container\">\n\t\t\t\t\t\t\t\t\t<p>Transformamos o poder da energia el\u00e9trica em solu\u00e7\u00f5es inteligentes e inovadoras. Comprometidos em oferecer servi\u00e7os especializados em instala\u00e7\u00e3o de sistemas fotovoltaicos, armazenamento de energia e manuten\u00e7\u00e3o de baterias de l\u00edtio. Trabalhamos para proporcionar efici\u00eancia energ\u00e9tica e sustentabilidade aos nossos clientes.<\/p>\t\t\t\t\t\t\t\t<\/div>\n\t\t\t\t<\/div>\n\t\t\t\t\t<\/div>\n\t\t<\/div>\n\t\t\t\t<div class=\"elementor-column elementor-col-50 elementor-top-column elementor-element elementor-element-45be5c3 ot-flex-column-vertical\" data-id=\"45be5c3\" data-element_type=\"column\" data-e-type=\"column\">\n\t\t\t<div class=\"elementor-widget-wrap elementor-element-populated\">\n\t\t\t\t\t\t<section class=\"elementor-section elementor-inner-section elementor-element elementor-element-5a3bfa0 elementor-section-full_width ot-layout_block elementor-section-height-default elementor-section-height-default\" data-id=\"5a3bfa0\" data-element_type=\"section\" data-e-type=\"section\">\n\t\t\t\t\t\t<div class=\"elementor-container elementor-column-gap-extended\">\n\t\t\t\t\t<div class=\"elementor-column elementor-col-50 elementor-inner-column elementor-element elementor-element-a6ca2d7 ot-flex-column-vertical\" data-id=\"a6ca2d7\" data-element_type=\"column\" data-e-type=\"column\">\n\t\t\t<div class=\"elementor-widget-wrap elementor-element-populated\">\n\t\t\t\t\t\t<div class=\"elementor-element elementor-element-0c3491c elementor-widget__width-initial elementor-widget elementor-widget-isupport_box\" data-id=\"0c3491c\" data-element_type=\"widget\" data-e-type=\"widget\" data-widget_type=\"isupport_box.default\">\n\t\t\t\t<div class=\"elementor-widget-container\">\n\t\t\t\t\t\r\n\t\t<div class=\"support-box\">\r\n\t\t\t<div class=\"inner-box\">\r\n\t\t\t\t<div class=\"overlay flex-middle\">\r\n\t\t\t\t\t<span class=\"number-box\"><\/span>\r\n\t\t\t\t\t<div class=\"inner\">\r\n\t\t\t\t\t\t<p>Promover a transi\u00e7\u00e3o para uma matriz energ\u00e9tica sustent\u00e1vel, fornecendo solu\u00e7\u00f5es inovadoras em energia el\u00e9trica.<\/p>\r\n\t\t\t\t\t\t<a class=\"btn-details\"><\/a>\r\n\t\t\t\t\t<\/div>\r\n\t\t\t\t<\/div>\r\n\t\t\t\t<div class=\"content-box\">\r\n\t\t\t\t\t<span class=\"number-box\"><\/span>\r\n\t\t\t\t\t<h3>Miss\u00e3o<\/h3>\r\n\t\t\t\t\t<img decoding=\"async\" src=\"https:\/\/ndt.pt\/electric\/wp-content\/uploads\/2020\/02\/image-box1.jpg\" alt=\"Miss\u00e3o\">\r\n\t\t\t\t<\/div>\r\n\t\t\t<\/div>\r\n\t    <\/div>\r\n\r\n\t    \t\t\t\t<\/div>\n\t\t\t\t<\/div>\n\t\t\t\t<div class=\"elementor-element elementor-element-c551291 elementor-widget elementor-widget-isupport_box\" data-id=\"c551291\" data-element_type=\"widget\" data-e-type=\"widget\" data-widget_type=\"isupport_box.default\">\n\t\t\t\t<div class=\"elementor-widget-container\">\n\t\t\t\t\t\r\n\t\t<div class=\"support-box\">\r\n\t\t\t<div class=\"inner-box\">\r\n\t\t\t\t<div class=\"overlay flex-middle\">\r\n\t\t\t\t\t<span class=\"number-box\"><\/span>\r\n\t\t\t\t\t<div class=\"inner\">\r\n\t\t\t\t\t\t<p>Ser uma refer\u00eancia em solu\u00e7\u00f5es de energia el\u00e9trica inteligentes e sustent\u00e1veis. Ser reconhecidos como um parceiro confi\u00e1vel, capaz de oferecer servi\u00e7os de alta qualidade.<\/p>\r\n\t\t\t\t\t\t<a class=\"btn-details\"><\/a>\r\n\t\t\t\t\t<\/div>\r\n\t\t\t\t<\/div>\r\n\t\t\t\t<div class=\"content-box\">\r\n\t\t\t\t\t<span class=\"number-box\"><\/span>\r\n\t\t\t\t\t<h3>Vis\u00e3o<\/h3>\r\n\t\t\t\t\t<img decoding=\"async\" src=\"https:\/\/ndt.pt\/electric\/wp-content\/uploads\/2020\/02\/image-box3.jpg\" alt=\"Vis\u00e3o\">\r\n\t\t\t\t<\/div>\r\n\t\t\t<\/div>\r\n\t    <\/div>\r\n\r\n\t    \t\t\t\t<\/div>\n\t\t\t\t<\/div>\n\t\t\t\t\t<\/div>\n\t\t<\/div>\n\t\t\t\t<div class=\"elementor-column elementor-col-50 elementor-inner-column elementor-element elementor-element-3135a61 ot-flex-column-vertical\" data-id=\"3135a61\" data-element_type=\"column\" data-e-type=\"column\">\n\t\t\t<div class=\"elementor-widget-wrap elementor-element-populated\">\n\t\t\t\t\t\t<div class=\"elementor-element elementor-element-a0d8551 elementor-widget elementor-widget-isupport_box\" data-id=\"a0d8551\" data-element_type=\"widget\" data-e-type=\"widget\" data-widget_type=\"isupport_box.default\">\n\t\t\t\t<div class=\"elementor-widget-container\">\n\t\t\t\t\t\r\n\t\t<div class=\"support-box\">\r\n\t\t\t<div class=\"inner-box\">\r\n\t\t\t\t<div class=\"overlay flex-middle\">\r\n\t\t\t\t\t<span class=\"number-box\"><\/span>\r\n\t\t\t\t\t<div class=\"inner\">\r\n\t\t\t\t\t\t<p>Fornecer solu\u00e7\u00f5es personalizadas e eficientes para cada cliente, com base em nossos valores fundamentais de excel\u00eancia, sustentabilidade e compromisso com a satisfa\u00e7\u00e3o do cliente.<\/p>\r\n\t\t\t\t\t\t<a class=\"btn-details\"><\/a>\r\n\t\t\t\t\t<\/div>\r\n\t\t\t\t<\/div>\r\n\t\t\t\t<div class=\"content-box\">\r\n\t\t\t\t\t<span class=\"number-box\"><\/span>\r\n\t\t\t\t\t<h3>Filosofia<\/h3>\r\n\t\t\t\t\t<img decoding=\"async\" src=\"https:\/\/ndt.pt\/electric\/wp-content\/uploads\/2020\/02\/image-box4.jpg\" alt=\"Filosofia\">\r\n\t\t\t\t<\/div>\r\n\t\t\t<\/div>\r\n\t    <\/div>\r\n\r\n\t    \t\t\t\t<\/div>\n\t\t\t\t<\/div>\n\t\t\t\t<div class=\"elementor-element elementor-element-941d120 elementor-widget elementor-widget-isupport_box\" data-id=\"941d120\" data-element_type=\"widget\" data-e-type=\"widget\" data-widget_type=\"isupport_box.default\">\n\t\t\t\t<div class=\"elementor-widget-container\">\n\t\t\t\t\t\r\n\t\t<div class=\"support-box\">\r\n\t\t\t<div class=\"inner-box\">\r\n\t\t\t\t<div class=\"overlay flex-middle\">\r\n\t\t\t\t\t<span class=\"number-box\"><\/span>\r\n\t\t\t\t\t<div class=\"inner\">\r\n\t\t\t\t\t\t<p>Inova\u00e7\u00e3o tecnol\u00f3gica, excel\u00eancia operacional e parcerias estrat\u00e9gicas, s\u00e3o os nossos 3 pilares. Estar na vanguarda das tend\u00eancias tecnol\u00f3gicas para atender \u00e0s necessidades em constante evolu\u00e7\u00e3o dos clientes.<\/p>\r\n\t\t\t\t\t\t<a class=\"btn-details\"><\/a>\r\n\t\t\t\t\t<\/div>\r\n\t\t\t\t<\/div>\r\n\t\t\t\t<div class=\"content-box\">\r\n\t\t\t\t\t<span class=\"number-box\"><\/span>\r\n\t\t\t\t\t<h3>Estrat\u00e9gia<\/h3>\r\n\t\t\t\t\t<img decoding=\"async\" src=\"https:\/\/ndt.pt\/electric\/wp-content\/uploads\/2020\/02\/image-box2.jpg\" alt=\"Estrat\u00e9gia\">\r\n\t\t\t\t<\/div>\r\n\t\t\t<\/div>\r\n\t    <\/div>\r\n\r\n\t    \t\t\t\t<\/div>\n\t\t\t\t<\/div>\n\t\t\t\t\t<\/div>\n\t\t<\/div>\n\t\t\t\t\t<\/div>\n\t\t<\/section>\n\t\t\t\t\t<\/div>\n\t\t<\/div>\n\t\t\t\t\t<\/div>\n\t\t<\/section>\n\t\t\t\t<section class=\"elementor-section elementor-top-section elementor-element elementor-element-770cd30 ot-traditional elementor-section-boxed elementor-section-height-default elementor-section-height-default\" data-id=\"770cd30\" data-element_type=\"section\" data-e-type=\"section\" data-settings=\"{&quot;background_background&quot;:&quot;classic&quot;}\">\n\t\t\t\t\t\t<div class=\"elementor-container elementor-column-gap-default\">\n\t\t\t\t\t<div class=\"elementor-column elementor-col-100 elementor-top-column elementor-element elementor-element-83b4846 ot-flex-column-vertical\" data-id=\"83b4846\" data-element_type=\"column\" data-e-type=\"column\">\n\t\t\t<div class=\"elementor-widget-wrap elementor-element-populated\">\n\t\t\t\t\t\t<div class=\"elementor-element elementor-element-1a060fd elementor-widget elementor-widget-iheading\" data-id=\"1a060fd\" data-element_type=\"widget\" data-e-type=\"widget\" data-widget_type=\"iheading.default\">\n\t\t\t\t<div class=\"elementor-widget-container\">\n\t\t\t\t\t\t\t<div class=\"ot-heading\">\r\n\t        \t            <span>\/\/ Servi\u00e7os<\/span>\r\n\t        <h2 class=\"main-heading\">Servi\u00e7os que oferecemos<br>\n na \u00e1rea de atua\u00e7\u00e3o<\/h2>\t    <\/div>\r\n\t    \t\t\t\t<\/div>\n\t\t\t\t<\/div>\n\t\t\t\t<section class=\"elementor-section elementor-inner-section elementor-element elementor-element-b68db45 elementor-section-full_width ot-traditional elementor-section-height-default elementor-section-height-default\" data-id=\"b68db45\" data-element_type=\"section\" data-e-type=\"section\">\n\t\t\t\t\t\t<div class=\"elementor-container elementor-column-gap-extended\">\n\t\t\t\t\t<div class=\"elementor-column elementor-col-33 elementor-inner-column elementor-element elementor-element-8cfaf04 ot-flex-column-vertical\" data-id=\"8cfaf04\" data-element_type=\"column\" data-e-type=\"column\">\n\t\t\t<div class=\"elementor-widget-wrap elementor-element-populated\">\n\t\t\t\t\t\t<div class=\"elementor-element elementor-element-36d2281 elementor-widget elementor-widget-iserv_box\" data-id=\"36d2281\" data-element_type=\"widget\" data-e-type=\"widget\" data-widget_type=\"iserv_box.default\">\n\t\t\t\t<div class=\"elementor-widget-container\">\n\t\t\t\t\t\r\n\t\t<div class=\"serv-box s1 elementor-animation-\">\r\n\t\t\t\t\t\t<div class=\"icon-main\">\r\n\t\t        \t\t\t    \t\t        <span class=\"flaticon-tablet\"><\/span>\t        <\/div>\r\n\t        <div class=\"content-box\">\r\n\t            <h5>Autoconsumo fotovoltaico<\/h5>\r\n\t            <div>Instalamos sistemas fotovoltaicos de autoconsumo que permitem aproveitar a energia solar para suprir suas necessidades de eletricidade.\n\n<ul>\n<li><a href=\"#\">Instant\u00e2neo<\/a><\/li>\n<li><a href=\"#\">Sistemas h\u00edbridos<\/a><\/li>\n<li><a href=\"#\">Sistemas isolados<\/a><\/li>\n<\/ul><\/div>\t        <\/div>\r\n\t    <\/div>\r\n\r\n\t    \t\t\t\t<\/div>\n\t\t\t\t<\/div>\n\t\t\t\t\t<\/div>\n\t\t<\/div>\n\t\t\t\t<div class=\"elementor-column elementor-col-33 elementor-inner-column elementor-element elementor-element-ca35bce ot-flex-column-vertical\" data-id=\"ca35bce\" data-element_type=\"column\" data-e-type=\"column\">\n\t\t\t<div class=\"elementor-widget-wrap elementor-element-populated\">\n\t\t\t\t\t\t<div class=\"elementor-element elementor-element-30643b9 elementor-widget elementor-widget-iserv_box\" data-id=\"30643b9\" data-element_type=\"widget\" data-e-type=\"widget\" data-widget_type=\"iserv_box.default\">\n\t\t\t\t<div class=\"elementor-widget-container\">\n\t\t\t\t\t\r\n\t\t<div class=\"serv-box s1 elementor-animation-\">\r\n\t\t\t\t\t\t<div class=\"icon-main\">\r\n\t\t        \t\t\t    \t\t        <span class=\"flaticon-report\"><\/span>\t        <\/div>\r\n\t        <div class=\"content-box\">\r\n\t            <h5>Mobilidade<br> el\u00e9trica<\/h5>\r\n\t            <div>Oferecemos solu\u00e7\u00f5es de mobilidade el\u00e9trica, incluindo a instala\u00e7\u00e3o de pontos de carregamento para ve\u00edculos el\u00e9tricos em resid\u00eancias, condom\u00ednios e espa\u00e7os p\u00fablicos.\n\n\n<ul>\n<li><a href=\"#\">Ve\u00edculos el\u00e9tricos<\/a><\/li>\n<li><a href=\"#\">Carregadores el\u00e9tricos<\/a><\/li>\n<\/ul><\/div>\t        <\/div>\r\n\t    <\/div>\r\n\r\n\t    \t\t\t\t<\/div>\n\t\t\t\t<\/div>\n\t\t\t\t\t<\/div>\n\t\t<\/div>\n\t\t\t\t<div class=\"elementor-column elementor-col-33 elementor-inner-column elementor-element elementor-element-96a682d ot-flex-column-vertical\" data-id=\"96a682d\" data-element_type=\"column\" data-e-type=\"column\">\n\t\t\t<div class=\"elementor-widget-wrap elementor-element-populated\">\n\t\t\t\t\t\t<div class=\"elementor-element elementor-element-dd64d2f elementor-widget elementor-widget-iserv_box\" data-id=\"dd64d2f\" data-element_type=\"widget\" data-e-type=\"widget\" data-widget_type=\"iserv_box.default\">\n\t\t\t\t<div class=\"elementor-widget-container\">\n\t\t\t\t\t\r\n\t\t<div class=\"serv-box s1 elementor-animation-\">\r\n\t\t\t\t\t\t<div class=\"icon-main\">\r\n\t\t        \t\t\t    \t\t        <span class=\"flaticon-ui\"><\/span>\t        <\/div>\r\n\t        <div class=\"content-box\">\r\n\t            <h5>Solu\u00e7\u00f5es de armazenamento<\/h5>\r\n\t            <div>Fornecemos solu\u00e7\u00f5es de armazenamento de energia para otimizar o uso de energia e aumentar a autonomia dos sistemas fotovoltaicos.\n\n<ul>\n<li><a href=\"#\">Empilhadores<\/a><\/li>\n<li><a href=\"#\">Repara\u00e7\u00e3o m\u00f3dulos<\/a><\/li>\n<li><a href=\"#\">Upgrade baterias VE<\/a><\/li>\n<\/ul><\/div>\t        <\/div>\r\n\t    <\/div>\r\n\r\n\t    \t\t\t\t<\/div>\n\t\t\t\t<\/div>\n\t\t\t\t\t<\/div>\n\t\t<\/div>\n\t\t\t\t\t<\/div>\n\t\t<\/section>\n\t\t\t\t<section class=\"elementor-section elementor-inner-section elementor-element elementor-element-bb5851e elementor-section-full_width ot-traditional elementor-section-height-default elementor-section-height-default\" data-id=\"bb5851e\" data-element_type=\"section\" data-e-type=\"section\">\n\t\t\t\t\t\t<div class=\"elementor-container elementor-column-gap-extended\">\n\t\t\t\t\t<div class=\"elementor-column elementor-col-33 elementor-inner-column elementor-element elementor-element-c0d56f4 ot-flex-column-vertical\" data-id=\"c0d56f4\" data-element_type=\"column\" data-e-type=\"column\">\n\t\t\t<div class=\"elementor-widget-wrap elementor-element-populated\">\n\t\t\t\t\t\t<div class=\"elementor-element elementor-element-d171c35 elementor-widget elementor-widget-iserv_box\" data-id=\"d171c35\" data-element_type=\"widget\" data-e-type=\"widget\" data-widget_type=\"iserv_box.default\">\n\t\t\t\t<div class=\"elementor-widget-container\">\n\t\t\t\t\t\r\n\t\t<div class=\"serv-box s1 elementor-animation-\">\r\n\t\t\t\t\t\t<div class=\"icon-main\">\r\n\t\t        \t\t\t    \t\t        <span class=\"flaticon-tablet\"><\/span>\t        <\/div>\r\n\t        <div class=\"content-box\">\r\n\t            <h5>Sistemas<br> el\u00e9tricos<\/h5>\r\n\t            <div>Realizamos projetos e instala\u00e7\u00f5es de sistemas el\u00e9tricos eficientes e seguros, garantindo o fornecimento e a distribui\u00e7\u00e3o de energia confi\u00e1vel.<br><\/br>\n\n<ul>\n<li><a href=\"#\">Inspe\u00e7\u00e3o e diagn\u00f3stico<\/a><\/li>\n<li><a href=\"#\">Projetos el\u00e9tricos<\/a><\/li>\n<li><a href=\"#\">Corre\u00e7\u00e3o fator pot\u00eancia<\/a><\/li>\n<\/ul><\/div>\t        <\/div>\r\n\t    <\/div>\r\n\r\n\t    \t\t\t\t<\/div>\n\t\t\t\t<\/div>\n\t\t\t\t\t<\/div>\n\t\t<\/div>\n\t\t\t\t<div class=\"elementor-column elementor-col-33 elementor-inner-column elementor-element elementor-element-2d28bc7 ot-flex-column-vertical\" data-id=\"2d28bc7\" data-element_type=\"column\" data-e-type=\"column\">\n\t\t\t<div class=\"elementor-widget-wrap elementor-element-populated\">\n\t\t\t\t\t\t<div class=\"elementor-element elementor-element-9f750cc elementor-widget elementor-widget-iserv_box\" data-id=\"9f750cc\" data-element_type=\"widget\" data-e-type=\"widget\" data-widget_type=\"iserv_box.default\">\n\t\t\t\t<div class=\"elementor-widget-container\">\n\t\t\t\t\t\r\n\t\t<div class=\"serv-box s1 elementor-animation-\">\r\n\t\t\t\t\t\t<div class=\"icon-main\">\r\n\t\t        \t\t\t    \t\t        <span class=\"flaticon-tablet\"><\/span>\t        <\/div>\r\n\t        <div class=\"content-box\">\r\n\t            <h5>Sistemas de dom\u00f3tica<\/h5>\r\n\t            <div>Desenvolvemos solu\u00e7\u00f5es de dom\u00f3tica que permitem o controle e a automa\u00e7\u00e3o inteligente de equipamentos e dispositivos el\u00e9tricos em resid\u00eancias e espa\u00e7os comerciais.\n\n<ul>\n<li><a href=\"#\">Ilumina\u00e7\u00e3o<\/a><\/li>\n<li><a href=\"#\">Climatiza\u00e7\u00e3o<\/a><\/li>\n<li><a href=\"#\">Sistemas de seguran\u00e7a<\/a><\/li>\n<\/ul><\/div>\t        <\/div>\r\n\t    <\/div>\r\n\r\n\t    \t\t\t\t<\/div>\n\t\t\t\t<\/div>\n\t\t\t\t\t<\/div>\n\t\t<\/div>\n\t\t\t\t<div class=\"elementor-column elementor-col-33 elementor-inner-column elementor-element elementor-element-cd1d70f ot-flex-column-vertical\" data-id=\"cd1d70f\" data-element_type=\"column\" data-e-type=\"column\">\n\t\t\t<div class=\"elementor-widget-wrap\">\n\t\t\t\t\t\t\t<\/div>\n\t\t<\/div>\n\t\t\t\t\t<\/div>\n\t\t<\/section>\n\t\t\t\t\t<\/div>\n\t\t<\/div>\n\t\t\t\t\t<\/div>\n\t\t<\/section>\n\t\t\t\t<section class=\"elementor-section elementor-top-section elementor-element elementor-element-1f9d730 ot-traditional elementor-section-boxed elementor-section-height-default elementor-section-height-default\" data-id=\"1f9d730\" data-element_type=\"section\" data-e-type=\"section\" data-settings=\"{&quot;background_background&quot;:&quot;classic&quot;}\">\n\t\t\t\t\t\t<div class=\"elementor-container elementor-column-gap-default\">\n\t\t\t\t\t<div class=\"elementor-column elementor-col-100 elementor-top-column elementor-element elementor-element-e4365bc ot-flex-column-vertical\" data-id=\"e4365bc\" data-element_type=\"column\" data-e-type=\"column\">\n\t\t\t<div class=\"elementor-widget-wrap elementor-element-populated\">\n\t\t\t\t\t\t<section class=\"elementor-section elementor-inner-section elementor-element elementor-element-5d24f2d elementor-section-full_width elementor-section-content-middle ot-traditional elementor-section-height-default elementor-section-height-default\" data-id=\"5d24f2d\" data-element_type=\"section\" data-e-type=\"section\">\n\t\t\t\t\t\t<div class=\"elementor-container elementor-column-gap-extended\">\n\t\t\t\t\t<div class=\"elementor-column elementor-col-50 elementor-inner-column elementor-element elementor-element-5b83572 ot-flex-column-vertical\" data-id=\"5b83572\" data-element_type=\"column\" data-e-type=\"column\">\n\t\t\t<div class=\"elementor-widget-wrap elementor-element-populated\">\n\t\t\t\t\t\t<div class=\"elementor-element elementor-element-3287393 elementor-widget elementor-widget-iheading\" data-id=\"3287393\" data-element_type=\"widget\" data-e-type=\"widget\" data-widget_type=\"iheading.default\">\n\t\t\t\t<div class=\"elementor-widget-container\">\n\t\t\t\t\t\t\t<div class=\"ot-heading\">\r\n\t        <h2 class=\"main-heading\">Compromisso com a <br>\nInova\u00e7\u00e3o em Energia<\/h2>\t    <\/div>\r\n\t    \t\t\t\t<\/div>\n\t\t\t\t<\/div>\n\t\t\t\t<div class=\"elementor-element elementor-element-880c7e9 elementor-widget elementor-widget-text-editor\" data-id=\"880c7e9\" data-element_type=\"widget\" data-e-type=\"widget\" data-widget_type=\"text-editor.default\">\n\t\t\t\t<div class=\"elementor-widget-container\">\n\t\t\t\t\t\t\t\t\t<p>Na NDT \u2013 Electric, estamos constantemente em busca de inova\u00e7\u00e3o e novas oportunidades para atender \u00e0s necessidades emergentes do mercado de energia. Atualmente, estamos investindo e integrando novas \u00e1reas em nosso portf\u00f3lio, com foco no autoconsumo fotovoltaico, solu\u00e7\u00f5es de acumula\u00e7\u00e3o de energia e sistemas de dom\u00f3tica.<\/p>\t\t\t\t\t\t\t\t<\/div>\n\t\t\t\t<\/div>\n\t\t\t\t<div class=\"elementor-element elementor-element-8ef5774 elementor-widget elementor-widget-iprogress\" data-id=\"8ef5774\" data-element_type=\"widget\" data-e-type=\"widget\" data-widget_type=\"iprogress.default\">\n\t\t\t\t<div class=\"elementor-widget-container\">\n\t\t\t\t\t\r\n\t\t\t\t<div class=\"ot-progress\">\r\n\t\t\t<div class=\"overflow\">\r\n\t        \t<span class=\"pname f-left\">Autoconsumo fotovoltaico<\/span>\t        \t<span class=\"ppercent f-right\">70%<\/span>\t        <\/div>\r\n\t        <div class=\"iprogress\">\r\n\t\t\t\t<div class=\"progress-bar\" data-percent=\"70%\"><\/div>\r\n\t\t\t<\/div>\r\n\t    <\/div>\r\n\t\t\t\t\t\t<\/div>\n\t\t\t\t<\/div>\n\t\t\t\t<div class=\"elementor-element elementor-element-8a360f2 elementor-widget elementor-widget-iprogress\" data-id=\"8a360f2\" data-element_type=\"widget\" data-e-type=\"widget\" data-widget_type=\"iprogress.default\">\n\t\t\t\t<div class=\"elementor-widget-container\">\n\t\t\t\t\t\r\n\t\t\t\t<div class=\"ot-progress\">\r\n\t\t\t<div class=\"overflow\">\r\n\t        \t<span class=\"pname f-left\">Solu\u00e7\u00f5es de acumula\u00e7\u00e3o<\/span>\t        \t<span class=\"ppercent f-right\">90%<\/span>\t        <\/div>\r\n\t        <div class=\"iprogress\">\r\n\t\t\t\t<div class=\"progress-bar\" data-percent=\"90%\"><\/div>\r\n\t\t\t<\/div>\r\n\t    <\/div>\r\n\t\t\t\t\t\t<\/div>\n\t\t\t\t<\/div>\n\t\t\t\t<div class=\"elementor-element elementor-element-56f8caf elementor-widget elementor-widget-iprogress\" data-id=\"56f8caf\" data-element_type=\"widget\" data-e-type=\"widget\" data-widget_type=\"iprogress.default\">\n\t\t\t\t<div class=\"elementor-widget-container\">\n\t\t\t\t\t\r\n\t\t\t\t<div class=\"ot-progress\">\r\n\t\t\t<div class=\"overflow\">\r\n\t        \t<span class=\"pname f-left\">Sistemas de dom\u00f3tica<\/span>\t        \t<span class=\"ppercent f-right\">60%<\/span>\t        <\/div>\r\n\t        <div class=\"iprogress\">\r\n\t\t\t\t<div class=\"progress-bar\" data-percent=\"60%\"><\/div>\r\n\t\t\t<\/div>\r\n\t    <\/div>\r\n\t\t\t\t\t\t<\/div>\n\t\t\t\t<\/div>\n\t\t\t\t\t<\/div>\n\t\t<\/div>\n\t\t\t\t<div class=\"elementor-column elementor-col-50 elementor-inner-column elementor-element elementor-element-f3ab4de ot-flex-column-vertical\" data-id=\"f3ab4de\" data-element_type=\"column\" data-e-type=\"column\">\n\t\t\t<div class=\"elementor-widget-wrap elementor-element-populated\">\n\t\t\t\t\t\t<div class=\"elementor-element elementor-element-ec9d7ae elementor-widget elementor-widget-image\" data-id=\"ec9d7ae\" data-element_type=\"widget\" data-e-type=\"widget\" data-widget_type=\"image.default\">\n\t\t\t\t<div class=\"elementor-widget-container\">\n\t\t\t\t\t\t\t\t\t\t\t\t\t\t\t<img fetchpriority=\"high\" decoding=\"async\" width=\"1024\" height=\"740\" src=\"https:\/\/ndt.pt\/electric\/wp-content\/uploads\/2023\/07\/banner-electric-sobre-nos-1024x740.png\" class=\"attachment-large size-large wp-image-5209\" alt=\"\" srcset=\"https:\/\/ndt.pt\/electric\/wp-content\/uploads\/2023\/07\/banner-electric-sobre-nos-1024x740.png 1024w, https:\/\/ndt.pt\/electric\/wp-content\/uploads\/2023\/07\/banner-electric-sobre-nos-300x217.png 300w, https:\/\/ndt.pt\/electric\/wp-content\/uploads\/2023\/07\/banner-electric-sobre-nos-768x555.png 768w, https:\/\/ndt.pt\/electric\/wp-content\/uploads\/2023\/07\/banner-electric-sobre-nos-1536x1110.png 1536w, https:\/\/ndt.pt\/electric\/wp-content\/uploads\/2023\/07\/banner-electric-sobre-nos-720x520.png 720w, https:\/\/ndt.pt\/electric\/wp-content\/uploads\/2023\/07\/banner-electric-sobre-nos-600x434.png 600w, https:\/\/ndt.pt\/electric\/wp-content\/uploads\/2023\/07\/banner-electric-sobre-nos.png 1800w\" sizes=\"(max-width: 1024px) 100vw, 1024px\" \/>\t\t\t\t\t\t\t\t\t\t\t\t\t\t\t<\/div>\n\t\t\t\t<\/div>\n\t\t\t\t\t<\/div>\n\t\t<\/div>\n\t\t\t\t\t<\/div>\n\t\t<\/section>\n\t\t\t\t\t<\/div>\n\t\t<\/div>\n\t\t\t\t\t<\/div>\n\t\t<\/section>\n\t\t\t\t<\/div>\n\t\t","protected":false},"excerpt":{"rendered":"<p>\/\/ NDT \u2013 Electric Desenvolva e Inove com as Tend\u00eancias Tecnol\u00f3gicas Transformamos o poder da energia el\u00e9trica em solu\u00e7\u00f5es inteligentes e inovadoras. Comprometidos em oferecer servi\u00e7os especializados em instala\u00e7\u00e3o de sistemas fotovoltaicos, armazenamento de energia e manuten\u00e7\u00e3o de baterias de l\u00edtio. Trabalhamos para proporcionar efici\u00eancia energ\u00e9tica e sustentabilidade aos nossos clientes. Promover a transi\u00e7\u00e3o para [&hellip;]<\/p>\n","protected":false},"author":1,"featured_media":0,"parent":0,"menu_order":0,"comment_status":"closed","ping_status":"closed","template":"","meta":{"footnotes":""},"class_list":["post-1579","page","type-page","status-publish","hentry"],"jetpack_sharing_enabled":true,"_links":{"self":[{"href":"https:\/\/ndt.pt\/electric\/wp-json\/wp\/v2\/pages\/1579","targetHints":{"allow":["GET"]}}],"collection":[{"href":"https:\/\/ndt.pt\/electric\/wp-json\/wp\/v2\/pages"}],"about":[{"href":"https:\/\/ndt.pt\/electric\/wp-json\/wp\/v2\/types\/page"}],"author":[{"embeddable":true,"href":"https:\/\/ndt.pt\/electric\/wp-json\/wp\/v2\/users\/1"}],"replies":[{"embeddable":true,"href":"https:\/\/ndt.pt\/electric\/wp-json\/wp\/v2\/comments?post=1579"}],"version-history":[{"count":33,"href":"https:\/\/ndt.pt\/electric\/wp-json\/wp\/v2\/pages\/1579\/revisions"}],"predecessor-version":[{"id":5215,"href":"https:\/\/ndt.pt\/electric\/wp-json\/wp\/v2\/pages\/1579\/revisions\/5215"}],"wp:attachment":[{"href":"https:\/\/ndt.pt\/electric\/wp-json\/wp\/v2\/media?parent=1579"}],"curies":[{"name":"wp","href":"https:\/\/api.w.org\/{rel}","templated":true}]}}