{"id":2496,"date":"2020-03-09T09:33:15","date_gmt":"2020-03-09T09:33:15","guid":{"rendered":"http:\/\/wpdemo.archiwp.com\/engitech\/?page_id=2496"},"modified":"2023-07-19T15:46:53","modified_gmt":"2023-07-19T15:46:53","slug":"pagina-inicial","status":"publish","type":"page","link":"https:\/\/ndt.pt\/electric\/","title":{"rendered":"P\u00e1gina Inicial"},"content":{"rendered":"\t\t<div data-elementor-type=\"wp-page\" data-elementor-id=\"2496\" class=\"elementor elementor-2496\">\n\t\t\t\t\t\t<section class=\"elementor-section elementor-top-section elementor-element elementor-element-b797fcb ot-traditional elementor-section-boxed elementor-section-height-default elementor-section-height-default\" data-id=\"b797fcb\" data-element_type=\"section\" data-e-type=\"section\" data-settings=\"{&quot;background_background&quot;:&quot;classic&quot;}\">\n\t\t\t\t\t\t\t<div class=\"elementor-background-overlay\"><\/div>\n\t\t\t\t\t\t\t<div class=\"elementor-container elementor-column-gap-default\">\n\t\t\t\t\t<div class=\"elementor-column elementor-col-100 elementor-top-column elementor-element elementor-element-c7719ec ot-flex-column-vertical\" data-id=\"c7719ec\" data-element_type=\"column\" data-e-type=\"column\">\n\t\t\t<div class=\"elementor-widget-wrap elementor-element-populated\">\n\t\t\t\t\t\t<div class=\"elementor-element elementor-element-848f04c elementor-widget elementor-widget-iheading\" data-id=\"848f04c\" data-element_type=\"widget\" data-e-type=\"widget\" data-widget_type=\"iheading.default\">\n\t\t\t\t<div class=\"elementor-widget-container\">\n\t\t\t\t\t\t\t<div class=\"ot-heading\">\r\n\t        <h2 class=\"main-heading\">Solu\u00e7\u00f5es inovadoras<br>\nna era da energia<\/h2>\t    <\/div>\r\n\t    \t\t\t\t<\/div>\n\t\t\t\t<\/div>\n\t\t\t\t<section class=\"elementor-section elementor-inner-section elementor-element elementor-element-9c43179 elementor-section-full_width elementor-section-content-middle ot-traditional elementor-section-height-default elementor-section-height-default\" data-id=\"9c43179\" data-element_type=\"section\" data-e-type=\"section\">\n\t\t\t\t\t\t<div class=\"elementor-container elementor-column-gap-extended\">\n\t\t\t\t\t<div class=\"elementor-column elementor-col-20 elementor-inner-column elementor-element elementor-element-e37ab29 ot-flex-column-vertical\" data-id=\"e37ab29\" data-element_type=\"column\" data-e-type=\"column\">\n\t\t\t<div class=\"elementor-widget-wrap elementor-element-populated\">\n\t\t\t\t\t\t<div class=\"elementor-element elementor-element-0cbfba4 elementor-widget__width-initial elementor-widget elementor-widget-itechbox\" data-id=\"0cbfba4\" data-element_type=\"widget\" data-e-type=\"widget\" data-widget_type=\"itechbox.default\">\n\t\t\t\t<div class=\"elementor-widget-container\">\n\t\t\t\t\t\t\t<a class=\"tech-box\" >\r\n\t\t\t<div class=\"icon-main\">\r\n\t\t        \t\t\t    \t\t        <span class=\"flaticon-report-1\"><\/span>\t        <\/div>\r\n\t        <h5>Energia Sustent\u00e1vel<\/h5>\r\n        <\/a>\r\n\t    \t\t\t\t<\/div>\n\t\t\t\t<\/div>\n\t\t\t\t\t<\/div>\n\t\t<\/div>\n\t\t\t\t<div class=\"elementor-column elementor-col-20 elementor-inner-column elementor-element elementor-element-148f942 ot-flex-column-vertical\" data-id=\"148f942\" data-element_type=\"column\" data-e-type=\"column\">\n\t\t\t<div class=\"elementor-widget-wrap elementor-element-populated\">\n\t\t\t\t\t\t<div class=\"elementor-element elementor-element-b0966e4 elementor-widget__width-initial elementor-widget elementor-widget-itechbox\" data-id=\"b0966e4\" data-element_type=\"widget\" data-e-type=\"widget\" data-widget_type=\"itechbox.default\">\n\t\t\t\t<div class=\"elementor-widget-container\">\n\t\t\t\t\t\t\t<a class=\"tech-box\" >\r\n\t\t\t<div class=\"icon-main\">\r\n\t\t        \t\t\t    \t\t        <span class=\"flaticon-code\"><\/span>\t        <\/div>\r\n\t        <h5>Inova\u00e7\u00e3o Tecnol\u00f3gica<\/h5>\r\n        <\/a>\r\n\t    \t\t\t\t<\/div>\n\t\t\t\t<\/div>\n\t\t\t\t\t<\/div>\n\t\t<\/div>\n\t\t\t\t<div class=\"elementor-column elementor-col-20 elementor-inner-column elementor-element elementor-element-148cfdf ot-flex-column-vertical\" data-id=\"148cfdf\" data-element_type=\"column\" data-e-type=\"column\">\n\t\t\t<div class=\"elementor-widget-wrap elementor-element-populated\">\n\t\t\t\t\t\t<div class=\"elementor-element elementor-element-43558f0 elementor-widget__width-initial elementor-widget elementor-widget-itechbox\" data-id=\"43558f0\" data-element_type=\"widget\" data-e-type=\"widget\" data-widget_type=\"itechbox.default\">\n\t\t\t\t<div class=\"elementor-widget-container\">\n\t\t\t\t\t\t\t<a class=\"tech-box\" >\r\n\t\t\t<div class=\"icon-main\">\r\n\t\t        <i aria-hidden=\"true\" class=\"fas fa-solar-panel\"><\/i>\t\t\t    \t\t        \t        <\/div>\r\n\t        <h5>Solu\u00e7\u00f5es fotovoltaicas<\/h5>\r\n        <\/a>\r\n\t    \t\t\t\t<\/div>\n\t\t\t\t<\/div>\n\t\t\t\t\t<\/div>\n\t\t<\/div>\n\t\t\t\t<div class=\"elementor-column elementor-col-20 elementor-inner-column elementor-element elementor-element-2bf75e5 ot-flex-column-vertical\" data-id=\"2bf75e5\" data-element_type=\"column\" data-e-type=\"column\">\n\t\t\t<div class=\"elementor-widget-wrap elementor-element-populated\">\n\t\t\t\t\t\t<div class=\"elementor-element elementor-element-8c54366 elementor-widget__width-initial elementor-widget elementor-widget-itechbox\" data-id=\"8c54366\" data-element_type=\"widget\" data-e-type=\"widget\" data-widget_type=\"itechbox.default\">\n\t\t\t\t<div class=\"elementor-widget-container\">\n\t\t\t\t\t\t\t<a class=\"tech-box\" >\r\n\t\t\t<div class=\"icon-main\">\r\n\t\t        <i aria-hidden=\"true\" class=\"fas fa-battery-three-quarters\"><\/i>\t\t\t    \t\t        \t        <\/div>\r\n\t        <h5>Solu\u00e7\u00f5es<br>h\u00edbridas<\/h5>\r\n        <\/a>\r\n\t    \t\t\t\t<\/div>\n\t\t\t\t<\/div>\n\t\t\t\t\t<\/div>\n\t\t<\/div>\n\t\t\t\t<div class=\"elementor-column elementor-col-20 elementor-inner-column elementor-element elementor-element-c9f3916 ot-flex-column-vertical\" data-id=\"c9f3916\" data-element_type=\"column\" data-e-type=\"column\">\n\t\t\t<div class=\"elementor-widget-wrap elementor-element-populated\">\n\t\t\t\t\t\t<div class=\"elementor-element elementor-element-d073758 elementor-widget__width-initial elementor-widget elementor-widget-itechbox\" data-id=\"d073758\" data-element_type=\"widget\" data-e-type=\"widget\" data-widget_type=\"itechbox.default\">\n\t\t\t\t<div class=\"elementor-widget-container\">\n\t\t\t\t\t\t\t<a class=\"tech-box\" >\r\n\t\t\t<div class=\"icon-main\">\r\n\t\t        <i aria-hidden=\"true\" class=\"fas fa-power-off\"><\/i>\t\t\t    \t\t        \t        <\/div>\r\n\t        <h5>Projetos<br>el\u00e9tricos<\/h5>\r\n        <\/a>\r\n\t    \t\t\t\t<\/div>\n\t\t\t\t<\/div>\n\t\t\t\t\t<\/div>\n\t\t<\/div>\n\t\t\t\t\t<\/div>\n\t\t<\/section>\n\t\t\t\t\t<\/div>\n\t\t<\/div>\n\t\t\t\t\t<\/div>\n\t\t<\/section>\n\t\t\t\t<section class=\"elementor-section elementor-top-section elementor-element elementor-element-e1d742a ot-traditional elementor-section-boxed elementor-section-height-default elementor-section-height-default\" data-id=\"e1d742a\" data-element_type=\"section\" data-e-type=\"section\" id=\"zzz\" data-settings=\"{&quot;background_background&quot;:&quot;classic&quot;}\">\n\t\t\t\t\t\t<div class=\"elementor-container elementor-column-gap-extended\">\n\t\t\t\t\t<div class=\"elementor-column elementor-col-100 elementor-top-column elementor-element elementor-element-ca22362 ot-flex-column-vertical\" data-id=\"ca22362\" data-element_type=\"column\" data-e-type=\"column\">\n\t\t\t<div class=\"elementor-widget-wrap elementor-element-populated\">\n\t\t\t\t\t\t<div class=\"elementor-element elementor-element-5d2b217 elementor-widget elementor-widget-iheading\" data-id=\"5d2b217\" data-element_type=\"widget\" data-e-type=\"widget\" data-widget_type=\"iheading.default\">\n\t\t\t\t<div class=\"elementor-widget-container\">\n\t\t\t\t\t\t\t<div class=\"ot-heading\">\r\n\t        \t            <span>\/\/ N\u00f3s somos Electric<\/span>\r\n\t        <h2 class=\"main-heading\">Segmentos<br>\nem que atuamos<\/h2>\t    <\/div>\r\n\t    \t\t\t\t<\/div>\n\t\t\t\t<\/div>\n\t\t\t\t<div class=\"elementor-element elementor-element-76c6839 elementor-widget elementor-widget-image\" data-id=\"76c6839\" data-element_type=\"widget\" data-e-type=\"widget\" data-widget_type=\"image.default\">\n\t\t\t\t<div class=\"elementor-widget-container\">\n\t\t\t\t\t\t\t\t\t\t\t\t\t\t\t<img fetchpriority=\"high\" decoding=\"async\" width=\"977\" height=\"521\" src=\"https:\/\/ndt.pt\/electric\/wp-content\/uploads\/2023\/07\/pagina-inicial-1.png\" class=\"attachment-full size-full wp-image-5135\" alt=\"\" srcset=\"https:\/\/ndt.pt\/electric\/wp-content\/uploads\/2023\/07\/pagina-inicial-1.png 977w, https:\/\/ndt.pt\/electric\/wp-content\/uploads\/2023\/07\/pagina-inicial-1-300x160.png 300w, https:\/\/ndt.pt\/electric\/wp-content\/uploads\/2023\/07\/pagina-inicial-1-768x410.png 768w, https:\/\/ndt.pt\/electric\/wp-content\/uploads\/2023\/07\/pagina-inicial-1-720x384.png 720w, https:\/\/ndt.pt\/electric\/wp-content\/uploads\/2023\/07\/pagina-inicial-1-600x320.png 600w\" sizes=\"(max-width: 977px) 100vw, 977px\" \/>\t\t\t\t\t\t\t\t\t\t\t\t\t\t\t<\/div>\n\t\t\t\t<\/div>\n\t\t\t\t<section class=\"elementor-section elementor-inner-section elementor-element elementor-element-a972201 elementor-section-full_width ot-traditional elementor-section-height-default elementor-section-height-default\" data-id=\"a972201\" data-element_type=\"section\" data-e-type=\"section\">\n\t\t\t\t\t\t<div class=\"elementor-container elementor-column-gap-default\">\n\t\t\t\t\t<div class=\"elementor-column elementor-col-33 elementor-inner-column elementor-element elementor-element-55b0267 ot-flex-column-vertical\" data-id=\"55b0267\" data-element_type=\"column\" data-e-type=\"column\">\n\t\t\t<div class=\"elementor-widget-wrap elementor-element-populated\">\n\t\t\t\t\t\t<div class=\"elementor-element elementor-element-26e0d54 elementor-widget elementor-widget-iservice_box\" data-id=\"26e0d54\" data-element_type=\"widget\" data-e-type=\"widget\" data-widget_type=\"iservice_box.default\">\n\t\t\t\t<div class=\"elementor-widget-container\">\n\t\t\t\t\t\r\n\t\t<div class=\"service-box s-box\">\r\n\t\t\t<span class=\"big-number\">01<\/span>\r\n\t\t\t<div class=\"icon-main\">\r\n\t\t        \t\t\t    \t\t        <span class=\"flaticon-correct\"><\/span>\t        <\/div>\r\n\t        <div class=\"content-box\">\r\n\t            <h5>Sistemas fotovoltaicos<\/h5>\r\n\t            <p>Instala\u00e7\u00e3o e upgrades<\/p>\r\n\t        <\/div>\r\n\t    <\/div>\r\n\r\n\t    \t\t\t\t<\/div>\n\t\t\t\t<\/div>\n\t\t\t\t\t<\/div>\n\t\t<\/div>\n\t\t\t\t<div class=\"elementor-column elementor-col-33 elementor-inner-column elementor-element elementor-element-88c3843 ot-flex-column-vertical\" data-id=\"88c3843\" data-element_type=\"column\" data-e-type=\"column\">\n\t\t\t<div class=\"elementor-widget-wrap elementor-element-populated\">\n\t\t\t\t\t\t<div class=\"elementor-element elementor-element-878b0a4 elementor-widget elementor-widget-iservice_box\" data-id=\"878b0a4\" data-element_type=\"widget\" data-e-type=\"widget\" data-widget_type=\"iservice_box.default\">\n\t\t\t\t<div class=\"elementor-widget-container\">\n\t\t\t\t\t\r\n\t\t<div class=\"service-box s-box\">\r\n\t\t\t<span class=\"big-number\">02<\/span>\r\n\t\t\t<div class=\"icon-main\">\r\n\t\t        \t\t\t    \t\t        <span class=\"flaticon-correct\"><\/span>\t        <\/div>\r\n\t        <div class=\"content-box\">\r\n\t            <h5>Sistemas h\u00edbridos<\/h5>\r\n\t            <p>Instala\u00e7\u00e3o e avalia\u00e7\u00e3o <\/p>\r\n\t        <\/div>\r\n\t    <\/div>\r\n\r\n\t    \t\t\t\t<\/div>\n\t\t\t\t<\/div>\n\t\t\t\t\t<\/div>\n\t\t<\/div>\n\t\t\t\t<div class=\"elementor-column elementor-col-33 elementor-inner-column elementor-element elementor-element-96b240d ot-flex-column-vertical\" data-id=\"96b240d\" data-element_type=\"column\" data-e-type=\"column\">\n\t\t\t<div class=\"elementor-widget-wrap elementor-element-populated\">\n\t\t\t\t\t\t<div class=\"elementor-element elementor-element-0c60b63 elementor-widget elementor-widget-iservice_box\" data-id=\"0c60b63\" data-element_type=\"widget\" data-e-type=\"widget\" data-widget_type=\"iservice_box.default\">\n\t\t\t\t<div class=\"elementor-widget-container\">\n\t\t\t\t\t\r\n\t\t<div class=\"service-box s-box\">\r\n\t\t\t<span class=\"big-number\">03<\/span>\r\n\t\t\t<div class=\"icon-main\">\r\n\t\t        \t\t\t    \t\t        <span class=\"flaticon-correct\"><\/span>\t        <\/div>\r\n\t        <div class=\"content-box\">\r\n\t            <h5>Projetos el\u00e9tricos<\/h5>\r\n\t            <p>Desenho e instala\u00e7\u00e3o<\/p>\r\n\t        <\/div>\r\n\t    <\/div>\r\n\r\n\t    \t\t\t\t<\/div>\n\t\t\t\t<\/div>\n\t\t\t\t\t<\/div>\n\t\t<\/div>\n\t\t\t\t\t<\/div>\n\t\t<\/section>\n\t\t\t\t\t<\/div>\n\t\t<\/div>\n\t\t\t\t\t<\/div>\n\t\t<\/section>\n\t\t\t\t<section class=\"elementor-section elementor-top-section elementor-element elementor-element-9c46f10 elementor-section-content-middle ot-traditional elementor-section-boxed elementor-section-height-default elementor-section-height-default\" data-id=\"9c46f10\" data-element_type=\"section\" data-e-type=\"section\" data-settings=\"{&quot;background_background&quot;:&quot;classic&quot;}\">\n\t\t\t\t\t\t<div class=\"elementor-container elementor-column-gap-extended\">\n\t\t\t\t\t<div class=\"elementor-column elementor-col-50 elementor-top-column elementor-element elementor-element-79a9100 ot-flex-column-vertical\" data-id=\"79a9100\" data-element_type=\"column\" data-e-type=\"column\">\n\t\t\t<div class=\"elementor-widget-wrap elementor-element-populated\">\n\t\t\t\t\t\t<div class=\"elementor-element elementor-element-e29ad60 elementor-widget__width-initial elementor-widget elementor-widget-iheading\" data-id=\"e29ad60\" data-element_type=\"widget\" data-e-type=\"widget\" data-widget_type=\"iheading.default\">\n\t\t\t\t<div class=\"elementor-widget-container\">\n\t\t\t\t\t\t\t<div class=\"ot-heading\">\r\n\t        \t            <span>\/\/ NDT - Electric<\/span>\r\n\t        <h3 class=\"main-heading\">Desenvolva e Inove com as Tend\u00eancias Tecnol\u00f3gicas<\/h3>\t    <\/div>\r\n\t    \t\t\t\t<\/div>\n\t\t\t\t<\/div>\n\t\t\t\t<div class=\"elementor-element elementor-element-93da041 elementor-widget elementor-widget-text-editor\" data-id=\"93da041\" data-element_type=\"widget\" data-e-type=\"widget\" data-widget_type=\"text-editor.default\">\n\t\t\t\t<div class=\"elementor-widget-container\">\n\t\t\t\t\t\t\t\t\t<p>Transformamos o poder da energia el\u00e9trica em solu\u00e7\u00f5es inteligentes e inovadoras. Comprometidos em oferecer servi\u00e7os especializados em instala\u00e7\u00e3o de sistemas fotovoltaicos, armazenamento de energia e manuten\u00e7\u00e3o de baterias de l\u00edtio. Trabalhamos para proporcionar efici\u00eancia energ\u00e9tica e sustentabilidade aos nossos clientes.<\/p>\t\t\t\t\t\t\t\t<\/div>\n\t\t\t\t<\/div>\n\t\t\t\t\t<\/div>\n\t\t<\/div>\n\t\t\t\t<div class=\"elementor-column elementor-col-50 elementor-top-column elementor-element elementor-element-bc1bd01 ot-flex-column-vertical\" data-id=\"bc1bd01\" data-element_type=\"column\" data-e-type=\"column\">\n\t\t\t<div class=\"elementor-widget-wrap elementor-element-populated\">\n\t\t\t\t\t\t<section class=\"elementor-section elementor-inner-section elementor-element elementor-element-675f77f elementor-section-full_width ot-layout_block elementor-section-height-default elementor-section-height-default\" data-id=\"675f77f\" data-element_type=\"section\" data-e-type=\"section\">\n\t\t\t\t\t\t<div class=\"elementor-container elementor-column-gap-extended\">\n\t\t\t\t\t<div class=\"elementor-column elementor-col-50 elementor-inner-column elementor-element elementor-element-cc86542 ot-flex-column-vertical\" data-id=\"cc86542\" data-element_type=\"column\" data-e-type=\"column\">\n\t\t\t<div class=\"elementor-widget-wrap elementor-element-populated\">\n\t\t\t\t\t\t<div class=\"elementor-element elementor-element-b29a0c3 elementor-widget elementor-widget-iimagebox1\" data-id=\"b29a0c3\" data-element_type=\"widget\" data-e-type=\"widget\" data-widget_type=\"iimagebox1.default\">\n\t\t\t\t<div class=\"elementor-widget-container\">\n\t\t\t\t\t\t\t<a class=\"ot-image-box\" href=\"https:\/\/ndt.pt\/electric\/sobre-nos\/\">\r\n\t\t\t<div class=\"overlay\">\r\n\t        \t<h4>Miss\u00e3o<\/h4>\r\n\t\t\t<\/div>\r\n\t\t\t<img decoding=\"async\" src=\"https:\/\/engitech.s3.amazonaws.com\/images\/image-box1.jpg\" alt=\"Miss\u00e3o\">\r\n\t\t<\/a>\r\n\t    \t\t\t\t<\/div>\n\t\t\t\t<\/div>\n\t\t\t\t<div class=\"elementor-element elementor-element-f21c4d1 elementor-widget elementor-widget-iimagebox1\" data-id=\"f21c4d1\" data-element_type=\"widget\" data-e-type=\"widget\" data-widget_type=\"iimagebox1.default\">\n\t\t\t\t<div class=\"elementor-widget-container\">\n\t\t\t\t\t\t\t<a class=\"ot-image-box\" href=\"https:\/\/ndt.pt\/electric\/sobre-nos\/\">\r\n\t\t\t<div class=\"overlay\">\r\n\t        \t<h4>Filosofia<\/h4>\r\n\t\t\t<\/div>\r\n\t\t\t<img decoding=\"async\" src=\"https:\/\/engitech.s3.amazonaws.com\/images\/image-box3.jpg\" alt=\"Filosofia\">\r\n\t\t<\/a>\r\n\t    \t\t\t\t<\/div>\n\t\t\t\t<\/div>\n\t\t\t\t\t<\/div>\n\t\t<\/div>\n\t\t\t\t<div class=\"elementor-column elementor-col-50 elementor-inner-column elementor-element elementor-element-92d1ada ot-flex-column-vertical\" data-id=\"92d1ada\" data-element_type=\"column\" data-e-type=\"column\">\n\t\t\t<div class=\"elementor-widget-wrap elementor-element-populated\">\n\t\t\t\t\t\t<div class=\"elementor-element elementor-element-7081fc2 elementor-widget elementor-widget-iimagebox1\" data-id=\"7081fc2\" data-element_type=\"widget\" data-e-type=\"widget\" data-widget_type=\"iimagebox1.default\">\n\t\t\t\t<div class=\"elementor-widget-container\">\n\t\t\t\t\t\t\t<a class=\"ot-image-box\" href=\"https:\/\/ndt.pt\/electric\/sobre-nos\/\">\r\n\t\t\t<div class=\"overlay\">\r\n\t        \t<h4>Vis\u00e3o<\/h4>\r\n\t\t\t<\/div>\r\n\t\t\t<img decoding=\"async\" src=\"https:\/\/engitech.s3.amazonaws.com\/images\/image-box2.jpg\" alt=\"Vis\u00e3o\">\r\n\t\t<\/a>\r\n\t    \t\t\t\t<\/div>\n\t\t\t\t<\/div>\n\t\t\t\t<div class=\"elementor-element elementor-element-6f5c131 elementor-widget elementor-widget-iimagebox1\" data-id=\"6f5c131\" data-element_type=\"widget\" data-e-type=\"widget\" data-widget_type=\"iimagebox1.default\">\n\t\t\t\t<div class=\"elementor-widget-container\">\n\t\t\t\t\t\t\t<a class=\"ot-image-box\" href=\"https:\/\/ndt.pt\/electric\/sobre-nos\/\">\r\n\t\t\t<div class=\"overlay\">\r\n\t        \t<h4>Estrat\u00e9gia<\/h4>\r\n\t\t\t<\/div>\r\n\t\t\t<img decoding=\"async\" src=\"https:\/\/engitech.s3.amazonaws.com\/images\/image-box4.jpg\" alt=\"Estrat\u00e9gia\">\r\n\t\t<\/a>\r\n\t    \t\t\t\t<\/div>\n\t\t\t\t<\/div>\n\t\t\t\t\t<\/div>\n\t\t<\/div>\n\t\t\t\t\t<\/div>\n\t\t<\/section>\n\t\t\t\t\t<\/div>\n\t\t<\/div>\n\t\t\t\t\t<\/div>\n\t\t<\/section>\n\t\t\t\t<section class=\"elementor-section elementor-top-section elementor-element elementor-element-4ec8380 ot-traditional elementor-section-boxed elementor-section-height-default elementor-section-height-default\" data-id=\"4ec8380\" data-element_type=\"section\" data-e-type=\"section\" data-settings=\"{&quot;background_background&quot;:&quot;classic&quot;}\">\n\t\t\t\t\t\t<div class=\"elementor-container elementor-column-gap-default\">\n\t\t\t\t\t<div class=\"elementor-column elementor-col-100 elementor-top-column elementor-element elementor-element-3634aef ot-flex-column-vertical\" data-id=\"3634aef\" data-element_type=\"column\" data-e-type=\"column\">\n\t\t\t<div class=\"elementor-widget-wrap elementor-element-populated\">\n\t\t\t\t\t\t<div class=\"elementor-element elementor-element-37d1059 elementor-widget elementor-widget-heading\" data-id=\"37d1059\" data-element_type=\"widget\" data-e-type=\"widget\" data-widget_type=\"heading.default\">\n\t\t\t\t<div class=\"elementor-widget-container\">\n\t\t\t\t\t<h2 class=\"elementor-heading-title elementor-size-default\">Tem quest\u00f5es?<\/h2>\t\t\t\t<\/div>\n\t\t\t\t<\/div>\n\t\t\t\t<div class=\"elementor-element elementor-element-14379dd elementor-align-center elementor-widget elementor-widget-ibutton\" data-id=\"14379dd\" data-element_type=\"widget\" data-e-type=\"widget\" data-widget_type=\"ibutton.default\">\n\t\t\t\t<div class=\"elementor-widget-container\">\n\t\t\t\t\t\t\t<div class=\"ot-button\">\r\n\t\t\t<a href=\"https:\/\/ndt.pt\/contactos\/\" class=\"octf-btn octf-btn-primary\">Contacte-nos<\/a>\r\n\t    <\/div>\r\n\t    \t\t\t\t<\/div>\n\t\t\t\t<\/div>\n\t\t\t\t\t<\/div>\n\t\t<\/div>\n\t\t\t\t\t<\/div>\n\t\t<\/section>\n\t\t\t\t<\/div>\n\t\t","protected":false},"excerpt":{"rendered":"<p>Solu\u00e7\u00f5es inovadoras na era da energia Energia Sustent\u00e1vel Inova\u00e7\u00e3o Tecnol\u00f3gica Solu\u00e7\u00f5es fotovoltaicas Solu\u00e7\u00f5esh\u00edbridas Projetosel\u00e9tricos \/\/ N\u00f3s somos Electric Segmentos em que atuamos 01 Sistemas fotovoltaicos Instala\u00e7\u00e3o e upgrades 02 Sistemas h\u00edbridos Instala\u00e7\u00e3o e avalia\u00e7\u00e3o 03 Projetos el\u00e9tricos Desenho e instala\u00e7\u00e3o \/\/ NDT &#8211; Electric Desenvolva e Inove com as Tend\u00eancias Tecnol\u00f3gicas Transformamos o poder da [&hellip;]<\/p>\n","protected":false},"author":1,"featured_media":0,"parent":0,"menu_order":0,"comment_status":"closed","ping_status":"closed","template":"","meta":{"footnotes":""},"class_list":["post-2496","page","type-page","status-publish","hentry"],"jetpack_sharing_enabled":true,"_links":{"self":[{"href":"https:\/\/ndt.pt\/electric\/wp-json\/wp\/v2\/pages\/2496","targetHints":{"allow":["GET"]}}],"collection":[{"href":"https:\/\/ndt.pt\/electric\/wp-json\/wp\/v2\/pages"}],"about":[{"href":"https:\/\/ndt.pt\/electric\/wp-json\/wp\/v2\/types\/page"}],"author":[{"embeddable":true,"href":"https:\/\/ndt.pt\/electric\/wp-json\/wp\/v2\/users\/1"}],"replies":[{"embeddable":true,"href":"https:\/\/ndt.pt\/electric\/wp-json\/wp\/v2\/comments?post=2496"}],"version-history":[{"count":15,"href":"https:\/\/ndt.pt\/electric\/wp-json\/wp\/v2\/pages\/2496\/revisions"}],"predecessor-version":[{"id":5175,"href":"https:\/\/ndt.pt\/electric\/wp-json\/wp\/v2\/pages\/2496\/revisions\/5175"}],"wp:attachment":[{"href":"https:\/\/ndt.pt\/electric\/wp-json\/wp\/v2\/media?parent=2496"}],"curies":[{"name":"wp","href":"https:\/\/api.w.org\/{rel}","templated":true}]}}