{"id":5195,"date":"2023-07-20T09:41:15","date_gmt":"2023-07-20T09:41:15","guid":{"rendered":"https:\/\/ndt.pt\/electric\/?post_type=product&#038;p=5195"},"modified":"2023-07-20T15:20:24","modified_gmt":"2023-07-20T15:20:24","slug":"baterias-litio-empilhadores","status":"publish","type":"product","link":"https:\/\/ndt.pt\/electric\/produto\/baterias-litio-empilhadores\/","title":{"rendered":"Baterias de l\u00edtio LiFePO4 para empilhadores"},"content":{"rendered":"<p><strong>Benef\u00edcios Principais:<\/strong><\/p>\n<ol>\n<li><strong>Desempenho Aprimorado:<\/strong> As baterias de l\u00edtio LiFePO4 proporcionam maior efici\u00eancia energ\u00e9tica, resultando em um aumento significativo na dura\u00e7\u00e3o das opera\u00e7\u00f5es dos empilhadores.<\/li>\n<li><strong>Menor Tempo de Recarga:<\/strong> Com ciclos de carga mais r\u00e1pidos, as baterias de l\u00edtio permitem que os empilhadores voltem rapidamente ao trabalho, minimizando o tempo de inatividade.<\/li>\n<li><strong>Longa Vida \u00datil:<\/strong> A tecnologia de l\u00edtio LiFePO4 oferece uma vida \u00fatil prolongada em compara\u00e7\u00e3o com as baterias de chumbo-\u00e1cido, resultando em menos substitui\u00e7\u00f5es ao longo do tempo.<\/li>\n<\/ol>\n","protected":false},"excerpt":{"rendered":"<p>As baterias de l\u00edtio LiFePO4 modelos PE para empilhadores da NDT &#8211; Electric s\u00e3o a solu\u00e7\u00e3o ideal para substituir as baterias tradicionais e trazer uma nova vida aos empilhadores do seu neg\u00f3cio. Projetadas com a mais avan\u00e7ada tecnologia em armazenamento de energia, essas baterias oferecem in\u00fameras vantagens em compara\u00e7\u00e3o com as baterias convencionais de chumbo-\u00e1cido.<\/p>\n<hr \/>\n<p><strong><span style=\"color: #000000;\">PRE\u00c7O:<\/span><\/strong> Sob consulta<\/p>\n<p><span style=\"color: #000000;\"><strong>Modelos e fichas t\u00e9cnicas dispon\u00edveis:<\/strong><\/span><\/p>\n<ul>\n<li>EP 48V 200Ah: Capacidade: 9.6 kWh: <strong>FT:<\/strong> <a href=\"https:\/\/ndt.pt\/electric\/wp-content\/uploads\/2023\/07\/Ficha-tecnica-EP48V-200Ah.pdf\" target=\"_blank\" rel=\"noopener\">Especifica\u00e7\u00f5es EP 48V 200Ah<\/a><\/li>\n<li>EP 48V 440Ah: Capacidade: 21.1 kWh: <strong>FT:<\/strong> <a href=\"https:\/\/ndt.pt\/electric\/wp-content\/uploads\/2023\/07\/Ficha-tecnica-EP48V-440Ah.pdf\" target=\"_blank\" rel=\"noopener\">Especifica\u00e7\u00f5es EP 48V 440Ah<\/a><\/li>\n<li>EP 48V 550Ah: Capacidade: 26.4 kWh: <strong>FT:<\/strong> <a href=\"https:\/\/ndt.pt\/electric\/wp-content\/uploads\/2023\/07\/Ficha-tecnica-EP48V-550Ah.pdf\" target=\"_blank\" rel=\"noopener\">Especifica\u00e7\u00f5es EP 48V 550Ah<\/a><\/li>\n<li>EP 48V 660Ah: Capacidade: 31.7\u00a0kWh: <strong>FT:<\/strong> <a href=\"https:\/\/ndt.pt\/electric\/wp-content\/uploads\/2023\/07\/Ficha-tecnica-EP48V-660Ah.pdf\" target=\"_blank\" rel=\"noopener\">Especifica\u00e7\u00f5es EP 48V 660Ah<\/a><\/li>\n<li>EP 80V 420Ah: Capacidade: 33.6\u00a0kWh: <strong>FT:<\/strong> <a href=\"https:\/\/ndt.pt\/electric\/wp-content\/uploads\/2023\/07\/Ficha-tecnica-EP80V-420Ah.pdf\" target=\"_blank\" rel=\"noopener\">Especifica\u00e7\u00f5es EP 80V 420Ah<\/a><\/li>\n<li>EP 80V 560Ah: Capacidade: 44.8\u00a0kWh:<strong> FT:<\/strong> <a href=\"https:\/\/ndt.pt\/electric\/wp-content\/uploads\/2023\/07\/Ficha-tecnica-EP80V-560Ah.pdf\" target=\"_blank\" rel=\"noopener\">Especifica\u00e7\u00f5es EP 80V 560Ah<\/a><\/li>\n<li>EP 80V 700Ah: Capacidade: 56.0\u00a0kWh:<strong> FT:<\/strong> <a href=\"https:\/\/ndt.pt\/electric\/wp-content\/uploads\/2023\/07\/Ficha-tecnica-EP80V-700Ah.pdf\" target=\"_blank\" rel=\"noopener\">Especifica\u00e7\u00f5es EP 80V 700Ah<\/a><\/li>\n<\/ul>\n<p>&nbsp;<\/p>\n","protected":false},"featured_media":5196,"comment_status":"closed","ping_status":"closed","template":"","meta":[],"product_brand":[],"product_cat":[54],"product_tag":[55,57,58,56],"class_list":{"0":"post-5195","1":"product","2":"type-product","3":"status-publish","4":"has-post-thumbnail","6":"product_cat-baterias-litio","7":"product_tag-baterias","8":"product_tag-empilhadores","9":"product_tag-lifepo4","10":"product_tag-litio","12":"first","13":"instock","14":"shipping-taxable","15":"product-type-simple"},"jetpack_sharing_enabled":true,"_links":{"self":[{"href":"https:\/\/ndt.pt\/electric\/wp-json\/wp\/v2\/product\/5195","targetHints":{"allow":["GET"]}}],"collection":[{"href":"https:\/\/ndt.pt\/electric\/wp-json\/wp\/v2\/product"}],"about":[{"href":"https:\/\/ndt.pt\/electric\/wp-json\/wp\/v2\/types\/product"}],"replies":[{"embeddable":true,"href":"https:\/\/ndt.pt\/electric\/wp-json\/wp\/v2\/comments?post=5195"}],"wp:featuredmedia":[{"embeddable":true,"href":"https:\/\/ndt.pt\/electric\/wp-json\/wp\/v2\/media\/5196"}],"wp:attachment":[{"href":"https:\/\/ndt.pt\/electric\/wp-json\/wp\/v2\/media?parent=5195"}],"wp:term":[{"taxonomy":"product_brand","embeddable":true,"href":"https:\/\/ndt.pt\/electric\/wp-json\/wp\/v2\/product_brand?post=5195"},{"taxonomy":"product_cat","embeddable":true,"href":"https:\/\/ndt.pt\/electric\/wp-json\/wp\/v2\/product_cat?post=5195"},{"taxonomy":"product_tag","embeddable":true,"href":"https:\/\/ndt.pt\/electric\/wp-json\/wp\/v2\/product_tag?post=5195"}],"curies":[{"name":"wp","href":"https:\/\/api.w.org\/{rel}","templated":true}]}}